{"id":15,"date":"2020-11-30T09:33:40","date_gmt":"2020-11-30T12:33:40","guid":{"rendered":"http:\/\/carliplac.com.br\/?page_id=15"},"modified":"2025-06-07T14:55:54","modified_gmt":"2025-06-07T17:55:54","slug":"quem-somos","status":"publish","type":"page","link":"https:\/\/carliplywood.ind.br\/de\/quem-somos\/","title":{"rendered":"Unsere Geschichte"},"content":{"rendered":"<div data-elementor-type=\"wp-page\" data-elementor-id=\"15\" class=\"elementor elementor-15\" data-elementor-post-type=\"page\">\n\t\t\t\t\t\t<section class=\"elementor-section elementor-top-section elementor-element elementor-element-14956da elementor-section-boxed elementor-section-height-default elementor-section-height-default\" data-id=\"14956da\" data-element_type=\"section\">\n\t\t\t\t\t\t<div class=\"elementor-container elementor-column-gap-default\">\n\t\t\t\t\t<div class=\"elementor-column elementor-col-100 elementor-top-column elementor-element elementor-element-1851653\" data-id=\"1851653\" data-element_type=\"column\">\n\t\t\t<div class=\"elementor-widget-wrap elementor-element-populated\">\n\t\t\t\t\t\t<div class=\"elementor-element elementor-element-1caea1d elementor-widget elementor-widget-heading\" data-id=\"1caea1d\" data-element_type=\"widget\" data-widget_type=\"heading.default\">\n\t\t\t\t<div class=\"elementor-widget-container\">\n\t\t\t\t\t<h2 class=\"elementor-heading-title elementor-size-default\">Unsere Geschichte<\/h2>\t\t\t\t<\/div>\n\t\t\t\t<\/div>\n\t\t\t\t\t<\/div>\n\t\t<\/div>\n\t\t\t\t\t<\/div>\n\t\t<\/section>\n\t\t\t\t<section class=\"elementor-section elementor-top-section elementor-element elementor-element-6650b9c2 elementor-section-boxed elementor-section-height-default elementor-section-height-default\" data-id=\"6650b9c2\" data-element_type=\"section\">\n\t\t\t\t\t\t<div class=\"elementor-container elementor-column-gap-default\">\n\t\t\t\t\t<div class=\"elementor-column elementor-col-100 elementor-top-column elementor-element elementor-element-6fec3f3e\" data-id=\"6fec3f3e\" data-element_type=\"column\">\n\t\t\t<div class=\"elementor-widget-wrap elementor-element-populated\">\n\t\t\t\t\t\t<div class=\"elementor-element elementor-element-4c2ab0eb elementor-widget elementor-widget-text-editor\" data-id=\"4c2ab0eb\" data-element_type=\"widget\" data-widget_type=\"text-editor.default\">\n\t\t\t\t<div class=\"elementor-widget-container\">\n\t\t\t\t\t\t\t\t\t\n<p>Carli Plac wurde 1987 von Luiz Fernando Ribas Carli gegr\u00fcndet und hat eine Geschichte, die von Herausforderungen und Engagement f\u00fcr Kunden und Umwelt gepr\u00e4gt ist.<\/p>\n\n<p>Das Unternehmen befindet sich in Guarapuava, Paran\u00e1, einem der drei s\u00fcdlichen Bundesstaaten Brasiliens. Zun\u00e4chst stellte es Holzartikel wie B\u00fcrsten, Besen und Abzieher her. Anfang der 2000er Jahre begann es mit dem Export von Sperrholz auf die wichtigsten internationalen M\u00e4rkte.<\/p>\n\n<p>Mit \u00fcber 30 Jahren Erfahrung auf diesem Gebiet verf\u00fcgt Carli Plac \u00fcber das n\u00f6tige Wissen, um die besten Sperrholzplatten herzustellen, die den strengsten internationalen Standards entsprechen.<\/p>\n\n<p>Carli Plac-Sperrholz wird f\u00fcr eine hervorragende Leistung in allen Anwendungsbereichen hergestellt und verf\u00fcgt \u00fcber eine FSC-Zertifizierung. Die R\u00fcckverfolgbarkeit der Produkte in strukturellen und nicht-strukturellen Anwendungen ist auf den wichtigsten und anspruchsvollsten Weltm\u00e4rkten gew\u00e4hrleistet, beispielsweise in den USA, Japan, Deutschland und anderen EU-L\u00e4ndern.<\/p>\n\t\t\t\t\t\t\t\t<\/div>\n\t\t\t\t<\/div>\n\t\t\t\t\t<\/div>\n\t\t<\/div>\n\t\t\t\t\t<\/div>\n\t\t<\/section>\n\t\t\t\t<\/div>","protected":false},"excerpt":{"rendered":"<p>Nossa Hist\u00f3ria Fundada em 1987 por Luiz Fernando Ribas Carli, a Carli Plac tem uma hist\u00f3ria marcada por desafios, dedica\u00e7\u00e3o aos clientes e ao meio ambiente. Localizada em Guarapuava, Paran\u00e1, um dos tr\u00eas estados do sul do Brasil. Inicialmente, fabricava artigos de madeira, como escovas, vassouras e rodos. J\u00e1 no in\u00edcio dos anos 2000, come\u00e7ou [&hellip;]<\/p>\n","protected":false},"author":1,"featured_media":0,"parent":0,"menu_order":0,"comment_status":"closed","ping_status":"closed","template":"","meta":{"footnotes":""},"class_list":["post-15","page","type-page","status-publish","hentry"],"_links":{"self":[{"href":"https:\/\/carliplywood.ind.br\/de\/wp-json\/wp\/v2\/pages\/15","targetHints":{"allow":["GET"]}}],"collection":[{"href":"https:\/\/carliplywood.ind.br\/de\/wp-json\/wp\/v2\/pages"}],"about":[{"href":"https:\/\/carliplywood.ind.br\/de\/wp-json\/wp\/v2\/types\/page"}],"author":[{"embeddable":true,"href":"https:\/\/carliplywood.ind.br\/de\/wp-json\/wp\/v2\/users\/1"}],"replies":[{"embeddable":true,"href":"https:\/\/carliplywood.ind.br\/de\/wp-json\/wp\/v2\/comments?post=15"}],"version-history":[{"count":11,"href":"https:\/\/carliplywood.ind.br\/de\/wp-json\/wp\/v2\/pages\/15\/revisions"}],"predecessor-version":[{"id":965,"href":"https:\/\/carliplywood.ind.br\/de\/wp-json\/wp\/v2\/pages\/15\/revisions\/965"}],"wp:attachment":[{"href":"https:\/\/carliplywood.ind.br\/de\/wp-json\/wp\/v2\/media?parent=15"}],"curies":[{"name":"wp","href":"https:\/\/api.w.org\/{rel}","templated":true}]}}