{"id":434,"date":"2025-06-01T12:50:23","date_gmt":"2025-06-01T15:50:23","guid":{"rendered":"https:\/\/carliplac.com.br\/?page_id=434"},"modified":"2025-06-16T14:47:59","modified_gmt":"2025-06-16T17:47:59","slug":"nossa-producao","status":"publish","type":"page","link":"https:\/\/carliplywood.ind.br\/de\/nossa-producao\/","title":{"rendered":"Unsere Produktion"},"content":{"rendered":"<div data-elementor-type=\"wp-page\" data-elementor-id=\"434\" class=\"elementor elementor-434\" data-elementor-post-type=\"page\">\n\t\t\t\t\t\t<section class=\"elementor-section elementor-top-section elementor-element elementor-element-5dda4ce elementor-section-full_width elementor-section-height-min-height elementor-section-stretched elementor-section-height-default elementor-section-items-middle\" data-id=\"5dda4ce\" data-element_type=\"section\" data-settings=\"{&quot;stretch_section&quot;:&quot;section-stretched&quot;,&quot;background_background&quot;:&quot;classic&quot;}\">\n\t\t\t\t\t\t\t<div class=\"elementor-background-overlay\"><\/div>\n\t\t\t\t\t\t\t<div class=\"elementor-container elementor-column-gap-no\">\n\t\t\t\t\t<div class=\"elementor-column elementor-col-100 elementor-top-column elementor-element elementor-element-5d6b709\" data-id=\"5d6b709\" data-element_type=\"column\">\n\t\t\t<div class=\"elementor-widget-wrap\">\n\t\t\t\t\t\t\t<\/div>\n\t\t<\/div>\n\t\t\t\t\t<\/div>\n\t\t<\/section>\n\t\t\t\t<section class=\"elementor-section elementor-top-section elementor-element elementor-element-aef655c elementor-section-boxed elementor-section-height-default elementor-section-height-default\" data-id=\"aef655c\" data-element_type=\"section\">\n\t\t\t\t\t\t<div class=\"elementor-container elementor-column-gap-default\">\n\t\t\t\t\t<div class=\"elementor-column elementor-col-100 elementor-top-column elementor-element elementor-element-17e70f8\" data-id=\"17e70f8\" data-element_type=\"column\">\n\t\t\t<div class=\"elementor-widget-wrap elementor-element-populated\">\n\t\t\t\t\t\t<div class=\"elementor-element elementor-element-a75726c elementor-widget elementor-widget-heading\" data-id=\"a75726c\" data-element_type=\"widget\" data-widget_type=\"heading.default\">\n\t\t\t\t<div class=\"elementor-widget-container\">\n\t\t\t\t\t<h2 class=\"elementor-heading-title elementor-size-default\">Unsere Produktion<\/h2>\t\t\t\t<\/div>\n\t\t\t\t<\/div>\n\t\t\t\t<div class=\"elementor-element elementor-element-6b771f7 elementor-widget elementor-widget-text-editor\" data-id=\"6b771f7\" data-element_type=\"widget\" data-widget_type=\"text-editor.default\">\n\t\t\t\t<div class=\"elementor-widget-container\">\n\t\t\t\t\t\t\t\t\t<p data-start=\"228\" data-end=\"572\">Bei Carliplac wird die Sperrholzproduktion mit technischer Pr\u00e4zision, Umweltverantwortung und h\u00f6chstem Qualit\u00e4tsbewusstsein durchgef\u00fchrt. Wir kontrollieren alle Phasen des Produktionsprozesses, von der nachhaltigen Bewirtschaftung der Kiefernw\u00e4lder bis zur endg\u00fcltigen Industrialisierung, und gew\u00e4hrleisten so Effizienz, Standardisierung und Engagement f\u00fcr den nationalen und internationalen Markt.<\/p>\t\t\t\t\t\t\t\t<\/div>\n\t\t\t\t<\/div>\n\t\t\t\t\t<\/div>\n\t\t<\/div>\n\t\t\t\t\t<\/div>\n\t\t<\/section>\n\t\t\t\t<section class=\"elementor-section elementor-top-section elementor-element elementor-element-4ae2125 elementor-section-boxed elementor-section-height-default elementor-section-height-default\" data-id=\"4ae2125\" data-element_type=\"section\">\n\t\t\t\t\t\t<div class=\"elementor-container elementor-column-gap-default\">\n\t\t\t\t\t<div class=\"elementor-column elementor-col-50 elementor-top-column elementor-element elementor-element-a30caa3\" data-id=\"a30caa3\" data-element_type=\"column\">\n\t\t\t<div class=\"elementor-widget-wrap elementor-element-populated\">\n\t\t\t\t\t\t<div class=\"elementor-element elementor-element-02fd970 elementor-widget elementor-widget-heading\" data-id=\"02fd970\" data-element_type=\"widget\" data-widget_type=\"heading.default\">\n\t\t\t\t<div class=\"elementor-widget-container\">\n\t\t\t\t\t<h2 class=\"elementor-heading-title elementor-size-default\">Seit 1987 vertrauen wir auf <br>Wer ist eine Referenz<\/h2>\t\t\t\t<\/div>\n\t\t\t\t<\/div>\n\t\t\t\t<div class=\"elementor-element elementor-element-6b07d0e elementor-widget elementor-widget-text-editor\" data-id=\"6b07d0e\" data-element_type=\"widget\" data-widget_type=\"text-editor.default\">\n\t\t\t\t<div class=\"elementor-widget-container\">\n\t\t\t\t\t\t\t\t\t<p data-start=\"228\" data-end=\"572\">Mit \u00fcber drei Jahrzehnten Geschichte hat sich Carliplac als einer der f\u00fchrenden Hersteller von Kiefernsperrholz in Brasilien etabliert. Unser Betrieb ist vollst\u00e4ndig vertikal organisiert, was eine Qualit\u00e4tskontrolle in jeder Phase gew\u00e4hrleistet \u2013 vom Anbau zertifizierter Kiefernw\u00e4lder bis zur Auslieferung unserer Bauplatten.<\/p><p data-start=\"574\" data-end=\"900\">Bei unserer gesamten Produktion legen wir Wert auf technische Exzellenz, Umweltverantwortung und die Einhaltung h\u00f6chster internationaler Standards. Wir verwenden FSC\u00ae-zertifiziertes Holz aus Wiederaufforstungen und setzen modernste Technologie ein, um die Festigkeit, Haltbarkeit und Gleichm\u00e4\u00dfigkeit jedes einzelnen Brettes zu gew\u00e4hrleisten.<\/p><p data-start=\"902\" data-end=\"1116\">Carliplac bedient den nationalen und internationalen Markt und ist f\u00fcr seine Produktionskapazit\u00e4t, Termintreue und ma\u00dfgeschneiderten L\u00f6sungen f\u00fcr verschiedene Segmente der Industrie und des Hoch- und Tiefbaus bekannt.<\/p><p data-start=\"1118\" data-end=\"1207\">Wir produzieren mehr als nur Holz: Wir bringen Vertrauen, Tradition und Innovation in jedes Projekt ein.<\/p>\t\t\t\t\t\t\t\t<\/div>\n\t\t\t\t<\/div>\n\t\t\t\t\t<\/div>\n\t\t<\/div>\n\t\t\t\t<div class=\"elementor-column elementor-col-50 elementor-top-column elementor-element elementor-element-30b947c\" data-id=\"30b947c\" data-element_type=\"column\">\n\t\t\t<div class=\"elementor-widget-wrap elementor-element-populated\">\n\t\t\t\t\t\t<div class=\"elementor-element elementor-element-452a45f elementor-widget elementor-widget-image\" data-id=\"452a45f\" data-element_type=\"widget\" data-widget_type=\"image.default\">\n\t\t\t\t<div class=\"elementor-widget-container\">\n\t\t\t\t\t\t\t\t\t\t\t\t\t\t\t<img fetchpriority=\"high\" decoding=\"async\" width=\"800\" height=\"800\" src=\"https:\/\/carliplywood.ind.br\/wp-content\/uploads\/2025\/06\/PROD02.png\" class=\"attachment-large size-large wp-image-437\" alt=\"\" srcset=\"https:\/\/carliplywood.ind.br\/wp-content\/uploads\/2025\/06\/PROD02.png 824w, https:\/\/carliplywood.ind.br\/wp-content\/uploads\/2025\/06\/PROD02-300x300.png 300w, https:\/\/carliplywood.ind.br\/wp-content\/uploads\/2025\/06\/PROD02-100x100.png 100w, https:\/\/carliplywood.ind.br\/wp-content\/uploads\/2025\/06\/PROD02-600x600.png 600w, https:\/\/carliplywood.ind.br\/wp-content\/uploads\/2025\/06\/PROD02-150x150.png 150w, https:\/\/carliplywood.ind.br\/wp-content\/uploads\/2025\/06\/PROD02-768x768.png 768w\" sizes=\"(max-width: 800px) 100vw, 800px\" \/>\t\t\t\t\t\t\t\t\t\t\t\t\t\t\t<\/div>\n\t\t\t\t<\/div>\n\t\t\t\t\t<\/div>\n\t\t<\/div>\n\t\t\t\t\t<\/div>\n\t\t<\/section>\n\t\t\t\t<\/div>","protected":false},"excerpt":{"rendered":"<p>Nossa produ\u00e7\u00e3o Na Carliplac, a produ\u00e7\u00e3o de compensados \u00e9 conduzida com rigor t\u00e9cnico, responsabilidade ambiental e foco total em qualidade. Controlamos todas as etapas do processo produtivo, desde o manejo sustent\u00e1vel das florestas de pinus at\u00e9 a industrializa\u00e7\u00e3o final, garantindo efici\u00eancia, padroniza\u00e7\u00e3o e compromisso com o mercado nacional e internacional. Desde 1987, confie em quem [&hellip;]<\/p>\n","protected":false},"author":3,"featured_media":0,"parent":0,"menu_order":0,"comment_status":"closed","ping_status":"closed","template":"","meta":{"footnotes":""},"class_list":["post-434","page","type-page","status-publish","hentry"],"_links":{"self":[{"href":"https:\/\/carliplywood.ind.br\/de\/wp-json\/wp\/v2\/pages\/434","targetHints":{"allow":["GET"]}}],"collection":[{"href":"https:\/\/carliplywood.ind.br\/de\/wp-json\/wp\/v2\/pages"}],"about":[{"href":"https:\/\/carliplywood.ind.br\/de\/wp-json\/wp\/v2\/types\/page"}],"author":[{"embeddable":true,"href":"https:\/\/carliplywood.ind.br\/de\/wp-json\/wp\/v2\/users\/3"}],"replies":[{"embeddable":true,"href":"https:\/\/carliplywood.ind.br\/de\/wp-json\/wp\/v2\/comments?post=434"}],"version-history":[{"count":19,"href":"https:\/\/carliplywood.ind.br\/de\/wp-json\/wp\/v2\/pages\/434\/revisions"}],"predecessor-version":[{"id":1015,"href":"https:\/\/carliplywood.ind.br\/de\/wp-json\/wp\/v2\/pages\/434\/revisions\/1015"}],"wp:attachment":[{"href":"https:\/\/carliplywood.ind.br\/de\/wp-json\/wp\/v2\/media?parent=434"}],"curies":[{"name":"wp","href":"https:\/\/api.w.org\/{rel}","templated":true}]}}