{"id":54,"date":"2020-12-14T09:07:38","date_gmt":"2020-12-14T12:07:38","guid":{"rendered":"http:\/\/carliplac.com.br\/?page_id=54"},"modified":"2025-08-27T10:40:12","modified_gmt":"2025-08-27T13:40:12","slug":"certificados","status":"publish","type":"page","link":"https:\/\/carliplywood.ind.br\/de\/certificados\/","title":{"rendered":"Certificados"},"content":{"rendered":"<div data-elementor-type=\"wp-page\" data-elementor-id=\"54\" class=\"elementor elementor-54\" data-elementor-post-type=\"page\">\n\t\t\t\t\t\t<section class=\"elementor-section elementor-top-section elementor-element elementor-element-f470410 elementor-section-boxed elementor-section-height-default elementor-section-height-default\" data-id=\"f470410\" data-element_type=\"section\">\n\t\t\t\t\t\t<div class=\"elementor-container elementor-column-gap-default\">\n\t\t\t\t\t<div class=\"elementor-column elementor-col-100 elementor-top-column elementor-element elementor-element-5fe4a76\" data-id=\"5fe4a76\" data-element_type=\"column\">\n\t\t\t<div class=\"elementor-widget-wrap elementor-element-populated\">\n\t\t\t\t\t\t<div class=\"elementor-element elementor-element-bfc23d6 elementor-widget elementor-widget-heading\" data-id=\"bfc23d6\" data-element_type=\"widget\" data-widget_type=\"heading.default\">\n\t\t\t\t<div class=\"elementor-widget-container\">\n\t\t\t\t\t<h2 class=\"elementor-heading-title elementor-size-default\">ZERTIFIZIERUNGEN<\/h2>\t\t\t\t<\/div>\n\t\t\t\t<\/div>\n\t\t\t\t\t<\/div>\n\t\t<\/div>\n\t\t\t\t\t<\/div>\n\t\t<\/section>\n\t\t\t\t<section class=\"elementor-section elementor-top-section elementor-element elementor-element-4e4af0d elementor-section-boxed elementor-section-height-default elementor-section-height-default\" data-id=\"4e4af0d\" data-element_type=\"section\">\n\t\t\t\t\t\t<div class=\"elementor-container elementor-column-gap-default\">\n\t\t\t\t\t<div class=\"elementor-column elementor-col-100 elementor-top-column elementor-element elementor-element-dc93f05\" data-id=\"dc93f05\" data-element_type=\"column\">\n\t\t\t<div class=\"elementor-widget-wrap elementor-element-populated\">\n\t\t\t\t\t\t<div class=\"elementor-element elementor-element-155253e elementor-widget elementor-widget-heading\" data-id=\"155253e\" data-element_type=\"widget\" data-widget_type=\"heading.default\">\n\t\t\t\t<div class=\"elementor-widget-container\">\n\t\t\t\t\t<h2 class=\"elementor-heading-title elementor-size-default\">FSC\u00ae \u2013 Forest Stewardship Council\u00ae<\/h2>\t\t\t\t<\/div>\n\t\t\t\t<\/div>\n\t\t\t\t<div class=\"elementor-element elementor-element-dc5f5a5 elementor-widget elementor-widget-text-editor\" data-id=\"dc5f5a5\" data-element_type=\"widget\" data-widget_type=\"text-editor.default\">\n\t\t\t\t<div class=\"elementor-widget-container\">\n\t\t\t\t\t\t\t\t\t<p>Wir sind FSC\u00ae-zertifiziert \u2013 Forest Stewardship Council\u00ae. Diese internationale Zertifizierung erm\u00f6glicht es uns, das FSC\u00ae-Logo auf Ihre FSC\u00ae-zertifizierten Produkte zu drucken. Dies garantiert, dass diese mit<br \/>Holz aus W\u00e4ldern, die nach strengen sozialen, \u00f6kologischen und wirtschaftlichen Kriterien bewirtschaftet werden, und aus anderen kontrollierten Quellen.<br \/>Ziel ist die verantwortungsvolle Nutzung von Wald- und Holzressourcen aus anderen kontrollierten Quellen, die den FSC\u00ae-Kriterien entsprechen. Das Unternehmen verfolgt eine Politik der Holzbeschaffung und anderer Verfahren zur Kontrolle der Holzquellen und schlie\u00dft Holz aus sozial und \u00f6kologisch sch\u00e4dlichen Forstaktivit\u00e4ten aus.<\/p>\t\t\t\t\t\t\t\t<\/div>\n\t\t\t\t<\/div>\n\t\t\t\t<div class=\"elementor-element elementor-element-330814e elementor-align-left elementor-widget elementor-widget-button\" data-id=\"330814e\" data-element_type=\"widget\" data-widget_type=\"button.default\">\n\t\t\t\t<div class=\"elementor-widget-container\">\n\t\t\t\t\t\t\t\t\t<div class=\"elementor-button-wrapper\">\n\t\t\t\t\t<a class=\"elementor-button elementor-button-link elementor-size-sm\" href=\"https:\/\/carliplywood.ind.br\/wp-content\/uploads\/2025\/06\/COC-151177-L.F.R.-Carli-Cia.docx.pdf\" target=\"_blank\">\n\t\t\t\t\t\t<span class=\"elementor-button-content-wrapper\">\n\t\t\t\t\t\t\t\t\t<span class=\"elementor-button-text\">FSC-zertifiziert<\/span>\n\t\t\t\t\t<\/span>\n\t\t\t\t\t<\/a>\n\t\t\t\t<\/div>\n\t\t\t\t\t\t\t\t<\/div>\n\t\t\t\t<\/div>\n\t\t\t\t<div class=\"elementor-element elementor-element-4115199 elementor-widget elementor-widget-heading\" data-id=\"4115199\" data-element_type=\"widget\" data-widget_type=\"heading.default\">\n\t\t\t\t<div class=\"elementor-widget-container\">\n\t\t\t\t\t<h2 class=\"elementor-heading-title elementor-size-default\">CE2+ EUROP\u00c4ISCHER NORM 13986<\/h2>\t\t\t\t<\/div>\n\t\t\t\t<\/div>\n\t\t\t\t<div class=\"elementor-element elementor-element-e09f631 elementor-widget elementor-widget-text-editor\" data-id=\"e09f631\" data-element_type=\"widget\" data-widget_type=\"text-editor.default\">\n\t\t\t\t<div class=\"elementor-widget-container\">\n\t\t\t\t\t\t\t\t\t<p>Platten mit diesem Siegel best\u00e4tigen die europ\u00e4ische Konformit\u00e4t \u2013 CE. Gem\u00e4\u00df der europ\u00e4ischen Norm 13986:2004+A1:2015 d\u00fcrfen Produkte mit dieser Zertifizierung in den meisten europ\u00e4ischen L\u00e4ndern als Konstruktionselemente im Bauwesen eingesetzt werden. Ihre wichtigsten Garantien sind strukturelle Leistung, Haltbarkeit der Verklebung, geringe Formaldehydemissionen, enge Ma\u00dftoleranzen und die Haltbarkeit des Holzes selbst.<\/p>\t\t\t\t\t\t\t\t<\/div>\n\t\t\t\t<\/div>\n\t\t\t\t<div class=\"elementor-element elementor-element-073f080 elementor-align-left elementor-widget elementor-widget-button\" data-id=\"073f080\" data-element_type=\"widget\" data-widget_type=\"button.default\">\n\t\t\t\t<div class=\"elementor-widget-container\">\n\t\t\t\t\t\t\t\t\t<div class=\"elementor-button-wrapper\">\n\t\t\t\t\t<a class=\"elementor-button elementor-button-link elementor-size-sm\" href=\"https:\/\/carliplywood.ind.br\/wp-content\/uploads\/2025\/06\/CR-311003006-2-2024.pdf\" target=\"_blank\">\n\t\t\t\t\t\t<span class=\"elementor-button-content-wrapper\">\n\t\t\t\t\t\t\t\t\t<span class=\"elementor-button-text\">Certificado CE2+<\/span>\n\t\t\t\t\t<\/span>\n\t\t\t\t\t<\/a>\n\t\t\t\t<\/div>\n\t\t\t\t\t\t\t\t<\/div>\n\t\t\t\t<\/div>\n\t\t\t\t<div class=\"elementor-element elementor-element-830f926 elementor-widget elementor-widget-heading\" data-id=\"830f926\" data-element_type=\"widget\" data-widget_type=\"heading.default\">\n\t\t\t\t<div class=\"elementor-widget-container\">\n\t\t\t\t\t<h2 class=\"elementor-heading-title elementor-size-default\">Zertifikat f\u00fcr niedrige Formaldehyd-Emissionen (CARB, EPA, Kanada)<\/h2>\t\t\t\t<\/div>\n\t\t\t\t<\/div>\n\t\t\t\t<div class=\"elementor-element elementor-element-56b102e elementor-widget elementor-widget-text-editor\" data-id=\"56b102e\" data-element_type=\"widget\" data-widget_type=\"text-editor.default\">\n\t\t\t\t<div class=\"elementor-widget-container\">\n\t\t\t\t\t\t\t\t\t<p data-start=\"190\" data-end=\"471\">Die von Carli Plac hergestellten Platten verf\u00fcgen \u00fcber das internationale Umweltzertifikat von PFS TECO und erf\u00fcllen die strengen Formaldehyd-Emissionsnormen der Vorschriften <strong data-start=\"383\" data-end=\"399\">CARB Phase 2<\/strong> (Calif\u00f3rnia, EUA), <strong data-start=\"419\" data-end=\"436\">TSCA Title VI<\/strong> (EUA) e <strong data-start=\"445\" data-end=\"461\">SOR\/2021-148<\/strong> (Canad\u00e1).<\/p><p data-start=\"473\" data-end=\"796\">Unsere Produkte sind klassifiziert als <strong data-start=\"512\" data-end=\"527\">ULEF Exempt<\/strong> (\u201eUltra Low Emitting Formaldehyde\u201c), was den Einsatz von Harzen mit <strong data-start=\"598\" data-end=\"636\">extrem niedrige Formaldehydemission<\/strong>Dadurch wird sichergestellt, dass unsere Paneele umweltfreundlich sind und aufgrund ihrer hervorragenden Umweltleistung von regelm\u00e4\u00dfigen Tests und Zertifizierungen befreit sind.<\/p>\t\t\t\t\t\t\t\t<\/div>\n\t\t\t\t<\/div>\n\t\t\t\t<div class=\"elementor-element elementor-element-7e40e65 elementor-align-left elementor-widget elementor-widget-button\" data-id=\"7e40e65\" data-element_type=\"widget\" data-widget_type=\"button.default\">\n\t\t\t\t<div class=\"elementor-widget-container\">\n\t\t\t\t\t\t\t\t\t<div class=\"elementor-button-wrapper\">\n\t\t\t\t\t<a class=\"elementor-button elementor-button-link elementor-size-sm\" href=\"https:\/\/carliplywood.ind.br\/wp-content\/uploads\/2025\/06\/CARB_Cert_3-559.pdf\" target=\"_blank\">\n\t\t\t\t\t\t<span class=\"elementor-button-content-wrapper\">\n\t\t\t\t\t\t\t\t\t<span class=\"elementor-button-text\">Carb Regulation<\/span>\n\t\t\t\t\t<\/span>\n\t\t\t\t\t<\/a>\n\t\t\t\t<\/div>\n\t\t\t\t\t\t\t\t<\/div>\n\t\t\t\t<\/div>\n\t\t\t\t<div class=\"elementor-element elementor-element-a378e45 elementor-widget elementor-widget-heading\" data-id=\"a378e45\" data-element_type=\"widget\" data-widget_type=\"heading.default\">\n\t\t\t\t<div class=\"elementor-widget-container\">\n\t\t\t\t\t<h2 class=\"elementor-heading-title elementor-size-default\">CATAS - It\u00e1lia<\/h2>\t\t\t\t<\/div>\n\t\t\t\t<\/div>\n\t\t\t\t<div class=\"elementor-element elementor-element-1321a9a elementor-widget elementor-widget-text-editor\" data-id=\"1321a9a\" data-element_type=\"widget\" data-widget_type=\"text-editor.default\">\n\t\t\t\t<div class=\"elementor-widget-container\">\n\t\t\t\t\t\t\t\t\t<p data-start=\"190\" data-end=\"471\">Nossos pain\u00e9is de compensado Pino Elliottis possuem certifica\u00e7\u00e3o de desempenho emitida pelo renomado laborat\u00f3rio europeu <strong data-start=\"827\" data-end=\"845\">CATAS (It\u00e1lia)<\/strong>.<br data-start=\"846\" data-end=\"849\" \/>Foram aprovados em ensaios de <strong data-start=\"879\" data-end=\"905\">emiss\u00e3o de formalde\u00eddo<\/strong> e <strong data-start=\"908\" data-end=\"934\">resist\u00eancia de colagem<\/strong>, atendendo \u00e0s normas <strong data-start=\"956\" data-end=\"979\">EN ISO 12460-3:2023<\/strong> e <strong data-start=\"982\" data-end=\"999\">EN 314-1:2004<\/strong>.<br data-start=\"1000\" data-end=\"1003\" \/>Isso significa mais <strong data-start=\"1023\" data-end=\"1069\">seguran\u00e7a, durabilidade e sustentabilidade<\/strong> para cada projeto realizado com os produtos <strong data-start=\"1114\" data-end=\"1127\">Carliplac<\/strong>.<\/p>\t\t\t\t\t\t\t\t<\/div>\n\t\t\t\t<\/div>\n\t\t\t\t<div class=\"elementor-element elementor-element-3faec5a elementor-align-left elementor-widget elementor-widget-button\" data-id=\"3faec5a\" data-element_type=\"widget\" data-widget_type=\"button.default\">\n\t\t\t\t<div class=\"elementor-widget-container\">\n\t\t\t\t\t\t\t\t\t<div class=\"elementor-button-wrapper\">\n\t\t\t\t\t<a class=\"elementor-button elementor-button-link elementor-size-sm\" href=\"https:\/\/carliplywood.ind.br\/wp-content\/uploads\/2025\/08\/certificado-carliplac-italia.pdf\" target=\"_blank\">\n\t\t\t\t\t\t<span class=\"elementor-button-content-wrapper\">\n\t\t\t\t\t\t\t\t\t<span class=\"elementor-button-text\">Catas Certificate<\/span>\n\t\t\t\t\t<\/span>\n\t\t\t\t\t<\/a>\n\t\t\t\t<\/div>\n\t\t\t\t\t\t\t\t<\/div>\n\t\t\t\t<\/div>\n\t\t\t\t\t<\/div>\n\t\t<\/div>\n\t\t\t\t\t<\/div>\n\t\t<\/section>\n\t\t\t\t<section class=\"elementor-section elementor-top-section elementor-element elementor-element-2a84064 elementor-section-boxed elementor-section-height-default elementor-section-height-default\" data-id=\"2a84064\" data-element_type=\"section\">\n\t\t\t\t\t\t<div class=\"elementor-container elementor-column-gap-default\">\n\t\t\t\t\t<div class=\"elementor-column elementor-col-100 elementor-top-column elementor-element elementor-element-a2c88cf\" data-id=\"a2c88cf\" data-element_type=\"column\">\n\t\t\t<div class=\"elementor-widget-wrap elementor-element-populated\">\n\t\t\t\t\t\t<div class=\"elementor-element elementor-element-df666fb elementor-widget elementor-widget-text-editor\" data-id=\"df666fb\" data-element_type=\"widget\" data-widget_type=\"text-editor.default\">\n\t\t\t\t<div class=\"elementor-widget-container\">\n\t\t\t\t\t\t\t\t\t<p>Unsere Zertifikate unterstreichen das Engagement von Carli Plac f\u00fcr Nachhaltigkeit, Gesundheit und Sicherheit in allen Produktionsprozessen und sorgen f\u00fcr Vertrauen und Sicherheit bei unseren Kunden und Partnern \u00fcberall auf der Welt.<\/p>\t\t\t\t\t\t\t\t<\/div>\n\t\t\t\t<\/div>\n\t\t\t\t\t<\/div>\n\t\t<\/div>\n\t\t\t\t\t<\/div>\n\t\t<\/section>\n\t\t\t\t<\/div>","protected":false},"excerpt":{"rendered":"<p>CERTIFICA\u00c7\u00d5ES FSC\u00ae \u2013 Forest Stewardship Council\u00ae Contamos com a certifica\u00e7\u00e3o FSC\u00ae \u2013 Forest Stewardship Council\u00ae (Conselho de Manejo Florestal). Esta certifica\u00e7\u00e3o internacional permite estampar em seus produtos ertificados FSC\u00ae a logo FSC\u00ae, que garante que os mesmos s\u00e3o produzidos commadeira de florestas manejadas seguindo rigorosos crit\u00e9rios sociais, ambientais e econ\u00f4micos, e de outras fontes controladas.O [&hellip;]<\/p>\n","protected":false},"author":1,"featured_media":0,"parent":0,"menu_order":0,"comment_status":"closed","ping_status":"closed","template":"","meta":{"footnotes":""},"class_list":["post-54","page","type-page","status-publish","hentry"],"_links":{"self":[{"href":"https:\/\/carliplywood.ind.br\/de\/wp-json\/wp\/v2\/pages\/54","targetHints":{"allow":["GET"]}}],"collection":[{"href":"https:\/\/carliplywood.ind.br\/de\/wp-json\/wp\/v2\/pages"}],"about":[{"href":"https:\/\/carliplywood.ind.br\/de\/wp-json\/wp\/v2\/types\/page"}],"author":[{"embeddable":true,"href":"https:\/\/carliplywood.ind.br\/de\/wp-json\/wp\/v2\/users\/1"}],"replies":[{"embeddable":true,"href":"https:\/\/carliplywood.ind.br\/de\/wp-json\/wp\/v2\/comments?post=54"}],"version-history":[{"count":28,"href":"https:\/\/carliplywood.ind.br\/de\/wp-json\/wp\/v2\/pages\/54\/revisions"}],"predecessor-version":[{"id":1188,"href":"https:\/\/carliplywood.ind.br\/de\/wp-json\/wp\/v2\/pages\/54\/revisions\/1188"}],"wp:attachment":[{"href":"https:\/\/carliplywood.ind.br\/de\/wp-json\/wp\/v2\/media?parent=54"}],"curies":[{"name":"wp","href":"https:\/\/api.w.org\/{rel}","templated":true}]}}