{"id":806,"date":"2025-06-03T11:32:43","date_gmt":"2025-06-03T14:32:43","guid":{"rendered":"https:\/\/carliplac.com.br\/?post_type=product&#038;p=806"},"modified":"2025-06-07T13:36:00","modified_gmt":"2025-06-07T16:36:00","slug":"bc-combi-pinuseucalipto","status":"publish","type":"product","link":"https:\/\/carliplywood.ind.br\/de\/produkt\/bc-combi-pinuseucalipto\/","title":{"rendered":"BC Combi (Kiefer+Eukalyptus)"},"content":{"rendered":"<p><strong>St\u00e4rke, Balance und Vielseitigkeit in einem einzigen Panel.<\/strong><br data-start=\"147\" data-end=\"150\" \/>BC Combi wird aus Kiefernfurnieren und einem Eukalyptuskern hergestellt und vereint Robustheit und exzellente Dimensionsstabilit\u00e4t mit hoher struktureller Leistung. Die B-Seite sorgt f\u00fcr eine ansprechende Pr\u00e4sentation bei visuellen Projekten, w\u00e4hrend die C-Seite f\u00fcr Einsparungen bei eher technischen Anwendungen sorgt. BC Combi wird f\u00fcr Verpackungen, Innenstrukturen, M\u00f6bel und industrielle Anwendungen empfohlen und bietet \u00fcberlegene Widerstandsf\u00e4higkeit, einfache Bearbeitung und ein hervorragendes Preis-Leistungs-Verh\u00e4ltnis. Damit ist es ideal f\u00fcr alle, die Wert auf Leistung und flexiblen Einsatz legen.<\/p>","protected":false},"excerpt":{"rendered":"<p>For\u00e7a, equil\u00edbrio e versatilidade em um s\u00f3 painel.O BC Combi \u00e9 produzido com l\u00e2minas de pinus e n\u00facleo de eucalipto, unindo robustez e excelente estabilidade dimensional ao alto desempenho estrutural. Sua face B garante boa apresenta\u00e7\u00e3o para projetos visuais, enquanto a face C proporciona economia para usos mais t\u00e9cnicos. Indicado para embalagens, estruturas internas, m\u00f3veis [&hellip;]<\/p>\n","protected":false},"featured_media":604,"template":"","meta":[],"product_brand":[],"product_cat":[39],"product_tag":[],"class_list":{"0":"post-806","1":"product","2":"type-product","3":"status-publish","4":"has-post-thumbnail","6":"product_cat-sem-categoria","8":"first","9":"instock","10":"shipping-taxable","11":"product-type-simple"},"_links":{"self":[{"href":"https:\/\/carliplywood.ind.br\/de\/wp-json\/wp\/v2\/product\/806","targetHints":{"allow":["GET"]}}],"collection":[{"href":"https:\/\/carliplywood.ind.br\/de\/wp-json\/wp\/v2\/product"}],"about":[{"href":"https:\/\/carliplywood.ind.br\/de\/wp-json\/wp\/v2\/types\/product"}],"wp:featuredmedia":[{"embeddable":true,"href":"https:\/\/carliplywood.ind.br\/de\/wp-json\/wp\/v2\/media\/604"}],"wp:attachment":[{"href":"https:\/\/carliplywood.ind.br\/de\/wp-json\/wp\/v2\/media?parent=806"}],"wp:term":[{"taxonomy":"product_brand","embeddable":true,"href":"https:\/\/carliplywood.ind.br\/de\/wp-json\/wp\/v2\/product_brand?post=806"},{"taxonomy":"product_cat","embeddable":true,"href":"https:\/\/carliplywood.ind.br\/de\/wp-json\/wp\/v2\/product_cat?post=806"},{"taxonomy":"product_tag","embeddable":true,"href":"https:\/\/carliplywood.ind.br\/de\/wp-json\/wp\/v2\/product_tag?post=806"}],"curies":[{"name":"wp","href":"https:\/\/api.w.org\/{rel}","templated":true}]}}