{"id":807,"date":"2025-06-03T11:37:19","date_gmt":"2025-06-03T14:37:19","guid":{"rendered":"https:\/\/carliplac.com.br\/?post_type=product&#038;p=807"},"modified":"2025-06-16T14:53:38","modified_gmt":"2025-06-16T17:53:38","slug":"c-c-combi","status":"publish","type":"product","link":"https:\/\/carliplywood.ind.br\/en\/product\/c-c-combi\/","title":{"rendered":"C+\/C COMBI"},"content":{"rendered":"<p><strong>Technical performance and excellent cost-benefit ratio.<\/strong><br data-start=\"147\" data-end=\"150\" \/>The C+\/C COMBI panel is manufactured with pine veneers on the faces and a eucalyptus core, resulting in a combination that guarantees strength, stability and lightness. With a C+ face for uses where a better finish is required and a C face for technical applications, it is ideal for packaging, civil construction, siding, sofa structures (frameply), indoor furniture and industrial uses. Easy to handle, it offers high productivity and practicality, being the right choice for projects that require efficiency and economy without sacrificing structural quality.<\/p>","protected":false},"excerpt":{"rendered":"<p>Performance t\u00e9cnica e excelente rela\u00e7\u00e3o custo-benef\u00edcio.O painel C+\/C COMBI \u00e9 fabricado com l\u00e2minas de pinus nas faces e n\u00facleo de eucalipto, resultando em uma combina\u00e7\u00e3o que garante resist\u00eancia, estabilidade e leveza. Com uma face C+ para usos onde \u00e9 necess\u00e1rio um melhor acabamento e uma face C para aplica\u00e7\u00f5es t\u00e9cnicas, \u00e9 ideal para embalagens, constru\u00e7\u00e3o [&hellip;]<\/p>\n","protected":false},"featured_media":607,"template":"","meta":[],"product_brand":[],"product_cat":[39],"product_tag":[],"class_list":{"0":"post-807","1":"product","2":"type-product","3":"status-publish","4":"has-post-thumbnail","6":"product_cat-sem-categoria","8":"first","9":"instock","10":"shipping-taxable","11":"product-type-simple"},"_links":{"self":[{"href":"https:\/\/carliplywood.ind.br\/en\/wp-json\/wp\/v2\/product\/807","targetHints":{"allow":["GET"]}}],"collection":[{"href":"https:\/\/carliplywood.ind.br\/en\/wp-json\/wp\/v2\/product"}],"about":[{"href":"https:\/\/carliplywood.ind.br\/en\/wp-json\/wp\/v2\/types\/product"}],"wp:featuredmedia":[{"embeddable":true,"href":"https:\/\/carliplywood.ind.br\/en\/wp-json\/wp\/v2\/media\/607"}],"wp:attachment":[{"href":"https:\/\/carliplywood.ind.br\/en\/wp-json\/wp\/v2\/media?parent=807"}],"wp:term":[{"taxonomy":"product_brand","embeddable":true,"href":"https:\/\/carliplywood.ind.br\/en\/wp-json\/wp\/v2\/product_brand?post=807"},{"taxonomy":"product_cat","embeddable":true,"href":"https:\/\/carliplywood.ind.br\/en\/wp-json\/wp\/v2\/product_cat?post=807"},{"taxonomy":"product_tag","embeddable":true,"href":"https:\/\/carliplywood.ind.br\/en\/wp-json\/wp\/v2\/product_tag?post=807"}],"curies":[{"name":"wp","href":"https:\/\/api.w.org\/{rel}","templated":true}]}}