{"id":898,"date":"2025-06-03T20:55:47","date_gmt":"2025-06-03T23:55:47","guid":{"rendered":"https:\/\/carliplac.com.br\/?post_type=product&#038;p=898"},"modified":"2025-06-16T14:57:22","modified_gmt":"2025-06-16T17:57:22","slug":"t1-11-ranhurado","status":"publish","type":"product","link":"https:\/\/carliplywood.ind.br\/en\/product\/t1-11-ranhurado\/","title":{"rendered":"T1-11 e\u00a0Plybeaded."},"content":{"rendered":"<p data-start=\"168\" data-end=\"266\"><strong>Natural beauty, practicality and resistance for your project.<\/strong><\/p>\n<p data-start=\"268\" data-end=\"625\">The T1-11 Carli Plywood panel is a high-quality grooved plywood, developed for applications that require a distinctive visual finish and durability. With a grooved surface, it provides a modern and cozy decorative effect, being ideal for facades, walls, internal and external linings, kiosks, warehouses and architectural projects.<\/p>\n<p data-start=\"627\" data-end=\"896\">Made from selected wood and using a controlled production process, T1-11 offers dimensional stability, excellent weather resistance and easy installation. A practical, sustainable and versatile solution to enhance environments and buildings with personality.<\/p>\n<p><strong>Note: CCA treatment on demand.<\/p>\n<p>Catalog (English): <\/strong><a href=\"https:\/\/carliplywood.ind.br\/wp-content\/uploads\/2025\/06\/T1-11-EN.pdf\">Download Here<\/a><strong><br \/>\nCatalog (Portuguese): <\/strong><a href=\"https:\/\/carliplywood.ind.br\/wp-content\/uploads\/2025\/06\/T1-11-PT-BR.pdf\">Download Here<\/a><\/p>","protected":false},"excerpt":{"rendered":"<p>Beleza natural, praticidade e resist\u00eancia para seu projeto. O painel T1-11 Carli Plywood \u00e9 um compensado ranhurado de alta qualidade, desenvolvido para aplica\u00e7\u00f5es que exigem acabamento visual diferenciado e durabilidade. Com superf\u00edcie ranhurada, proporciona um efeito decorativo moderno e aconchegante, sendo ideal para fachadas, paredes, forra\u00e7\u00f5es internas e externas, quiosques, galp\u00f5es e projetos arquitet\u00f4nicos. Fabricado [&hellip;]<\/p>\n","protected":false},"featured_media":887,"template":"","meta":[],"product_brand":[],"product_cat":[39],"product_tag":[],"class_list":{"0":"post-898","1":"product","2":"type-product","3":"status-publish","4":"has-post-thumbnail","6":"product_cat-sem-categoria","8":"first","9":"instock","10":"shipping-taxable","11":"product-type-simple"},"_links":{"self":[{"href":"https:\/\/carliplywood.ind.br\/en\/wp-json\/wp\/v2\/product\/898","targetHints":{"allow":["GET"]}}],"collection":[{"href":"https:\/\/carliplywood.ind.br\/en\/wp-json\/wp\/v2\/product"}],"about":[{"href":"https:\/\/carliplywood.ind.br\/en\/wp-json\/wp\/v2\/types\/product"}],"wp:featuredmedia":[{"embeddable":true,"href":"https:\/\/carliplywood.ind.br\/en\/wp-json\/wp\/v2\/media\/887"}],"wp:attachment":[{"href":"https:\/\/carliplywood.ind.br\/en\/wp-json\/wp\/v2\/media?parent=898"}],"wp:term":[{"taxonomy":"product_brand","embeddable":true,"href":"https:\/\/carliplywood.ind.br\/en\/wp-json\/wp\/v2\/product_brand?post=898"},{"taxonomy":"product_cat","embeddable":true,"href":"https:\/\/carliplywood.ind.br\/en\/wp-json\/wp\/v2\/product_cat?post=898"},{"taxonomy":"product_tag","embeddable":true,"href":"https:\/\/carliplywood.ind.br\/en\/wp-json\/wp\/v2\/product_tag?post=898"}],"curies":[{"name":"wp","href":"https:\/\/api.w.org\/{rel}","templated":true}]}}