{"id":15,"date":"2020-11-30T09:33:40","date_gmt":"2020-11-30T12:33:40","guid":{"rendered":"http:\/\/carliplac.com.br\/?page_id=15"},"modified":"2025-06-07T14:55:54","modified_gmt":"2025-06-07T17:55:54","slug":"quem-somos","status":"publish","type":"page","link":"https:\/\/carliplywood.ind.br\/es\/quem-somos\/","title":{"rendered":"Nuestra Historia"},"content":{"rendered":"<div data-elementor-type=\"wp-page\" data-elementor-id=\"15\" class=\"elementor elementor-15\" data-elementor-post-type=\"page\">\n\t\t\t\t\t\t<section class=\"elementor-section elementor-top-section elementor-element elementor-element-14956da elementor-section-boxed elementor-section-height-default elementor-section-height-default\" data-id=\"14956da\" data-element_type=\"section\">\n\t\t\t\t\t\t<div class=\"elementor-container elementor-column-gap-default\">\n\t\t\t\t\t<div class=\"elementor-column elementor-col-100 elementor-top-column elementor-element elementor-element-1851653\" data-id=\"1851653\" data-element_type=\"column\">\n\t\t\t<div class=\"elementor-widget-wrap elementor-element-populated\">\n\t\t\t\t\t\t<div class=\"elementor-element elementor-element-1caea1d elementor-widget elementor-widget-heading\" data-id=\"1caea1d\" data-element_type=\"widget\" data-widget_type=\"heading.default\">\n\t\t\t\t<div class=\"elementor-widget-container\">\n\t\t\t\t\t<h2 class=\"elementor-heading-title elementor-size-default\">Nuestra Historia<\/h2>\t\t\t\t<\/div>\n\t\t\t\t<\/div>\n\t\t\t\t\t<\/div>\n\t\t<\/div>\n\t\t\t\t\t<\/div>\n\t\t<\/section>\n\t\t\t\t<section class=\"elementor-section elementor-top-section elementor-element elementor-element-6650b9c2 elementor-section-boxed elementor-section-height-default elementor-section-height-default\" data-id=\"6650b9c2\" data-element_type=\"section\">\n\t\t\t\t\t\t<div class=\"elementor-container elementor-column-gap-default\">\n\t\t\t\t\t<div class=\"elementor-column elementor-col-100 elementor-top-column elementor-element elementor-element-6fec3f3e\" data-id=\"6fec3f3e\" data-element_type=\"column\">\n\t\t\t<div class=\"elementor-widget-wrap elementor-element-populated\">\n\t\t\t\t\t\t<div class=\"elementor-element elementor-element-4c2ab0eb elementor-widget elementor-widget-text-editor\" data-id=\"4c2ab0eb\" data-element_type=\"widget\" data-widget_type=\"text-editor.default\">\n\t\t\t\t<div class=\"elementor-widget-container\">\n\t\t\t\t\t\t\t\t\t\n<p>Fundada en 1987 por Luiz Fernando Ribas Carli, Carli Plac tiene una historia marcada por desaf\u00edos, dedicaci\u00f3n a los clientes y al medio ambiente.<\/p>\n\n<p>Ubicada en Guarapuava, Paran\u00e1, uno de los tres estados del sur de Brasil. Inicialmente, fabricaba art\u00edculos de madera como cepillos, escobas y escurridores. A principios de la d\u00e9cada del 2000, comenz\u00f3 a exportar madera contrachapada a los principales mercados internacionales.<\/p>\n\n<p>Con m\u00e1s de 30 a\u00f1os de experiencia en el rubro, Carli Plac tiene el conocimiento para producir los mejores paneles de madera contrachapada, cumpliendo con los est\u00e1ndares internacionales m\u00e1s rigurosos.<\/p>\n\n<p>Producido para tener un excelente desempe\u00f1o en todo tipo de aplicaciones, el contrachapado Carli Plac con certificaci\u00f3n FSC cuenta con trazabilidad de sus productos en aplicaciones estructurales y no estructurales en los principales y m\u00e1s exigentes mercados mundiales como: (Estados Unidos, Jap\u00f3n, Alemania y otros pa\u00edses de la UE).<\/p>\n\t\t\t\t\t\t\t\t<\/div>\n\t\t\t\t<\/div>\n\t\t\t\t\t<\/div>\n\t\t<\/div>\n\t\t\t\t\t<\/div>\n\t\t<\/section>\n\t\t\t\t<\/div>","protected":false},"excerpt":{"rendered":"<p>Nossa Hist\u00f3ria Fundada em 1987 por Luiz Fernando Ribas Carli, a Carli Plac tem uma hist\u00f3ria marcada por desafios, dedica\u00e7\u00e3o aos clientes e ao meio ambiente. Localizada em Guarapuava, Paran\u00e1, um dos tr\u00eas estados do sul do Brasil. Inicialmente, fabricava artigos de madeira, como escovas, vassouras e rodos. J\u00e1 no in\u00edcio dos anos 2000, come\u00e7ou [&hellip;]<\/p>\n","protected":false},"author":1,"featured_media":0,"parent":0,"menu_order":0,"comment_status":"closed","ping_status":"closed","template":"","meta":{"footnotes":""},"class_list":["post-15","page","type-page","status-publish","hentry"],"_links":{"self":[{"href":"https:\/\/carliplywood.ind.br\/es\/wp-json\/wp\/v2\/pages\/15","targetHints":{"allow":["GET"]}}],"collection":[{"href":"https:\/\/carliplywood.ind.br\/es\/wp-json\/wp\/v2\/pages"}],"about":[{"href":"https:\/\/carliplywood.ind.br\/es\/wp-json\/wp\/v2\/types\/page"}],"author":[{"embeddable":true,"href":"https:\/\/carliplywood.ind.br\/es\/wp-json\/wp\/v2\/users\/1"}],"replies":[{"embeddable":true,"href":"https:\/\/carliplywood.ind.br\/es\/wp-json\/wp\/v2\/comments?post=15"}],"version-history":[{"count":11,"href":"https:\/\/carliplywood.ind.br\/es\/wp-json\/wp\/v2\/pages\/15\/revisions"}],"predecessor-version":[{"id":965,"href":"https:\/\/carliplywood.ind.br\/es\/wp-json\/wp\/v2\/pages\/15\/revisions\/965"}],"wp:attachment":[{"href":"https:\/\/carliplywood.ind.br\/es\/wp-json\/wp\/v2\/media?parent=15"}],"curies":[{"name":"wp","href":"https:\/\/api.w.org\/{rel}","templated":true}]}}