{"id":426,"date":"2025-06-01T12:46:57","date_gmt":"2025-06-01T15:46:57","guid":{"rendered":"https:\/\/carliplac.com.br\/?page_id=426"},"modified":"2025-06-26T09:14:18","modified_gmt":"2025-06-26T12:14:18","slug":"sobre","status":"publish","type":"page","link":"https:\/\/carliplywood.ind.br\/es\/sobre\/","title":{"rendered":"En"},"content":{"rendered":"<div data-elementor-type=\"wp-page\" data-elementor-id=\"426\" class=\"elementor elementor-426\" data-elementor-post-type=\"page\">\n\t\t\t\t\t\t<section class=\"elementor-section elementor-top-section elementor-element elementor-element-156ccbf elementor-section-full_width elementor-section-height-min-height elementor-section-height-default elementor-section-items-middle\" data-id=\"156ccbf\" data-element_type=\"section\" data-settings=\"{&quot;background_background&quot;:&quot;classic&quot;}\">\n\t\t\t\t\t\t<div class=\"elementor-container elementor-column-gap-no\">\n\t\t\t\t\t<div class=\"elementor-column elementor-col-100 elementor-top-column elementor-element elementor-element-3b8d121\" data-id=\"3b8d121\" data-element_type=\"column\">\n\t\t\t<div class=\"elementor-widget-wrap\">\n\t\t\t\t\t\t\t<\/div>\n\t\t<\/div>\n\t\t\t\t\t<\/div>\n\t\t<\/section>\n\t\t\t\t<section class=\"elementor-section elementor-top-section elementor-element elementor-element-0e2ce6d elementor-section-boxed elementor-section-height-default elementor-section-height-default\" data-id=\"0e2ce6d\" data-element_type=\"section\">\n\t\t\t\t\t\t<div class=\"elementor-container elementor-column-gap-default\">\n\t\t\t\t\t<div class=\"elementor-column elementor-col-100 elementor-top-column elementor-element elementor-element-0620fb3\" data-id=\"0620fb3\" data-element_type=\"column\">\n\t\t\t<div class=\"elementor-widget-wrap elementor-element-populated\">\n\t\t\t\t\t\t<div class=\"elementor-element elementor-element-e442f03 elementor-widget elementor-widget-heading\" data-id=\"e442f03\" data-element_type=\"widget\" data-widget_type=\"heading.default\">\n\t\t\t\t<div class=\"elementor-widget-container\">\n\t\t\t\t\t<h2 class=\"elementor-heading-title elementor-size-default\">Carli Plac<\/h2>\t\t\t\t<\/div>\n\t\t\t\t<\/div>\n\t\t\t\t\t<\/div>\n\t\t<\/div>\n\t\t\t\t\t<\/div>\n\t\t<\/section>\n\t\t\t\t<section class=\"elementor-section elementor-top-section elementor-element elementor-element-fc6db0e elementor-section-boxed elementor-section-height-default elementor-section-height-default\" data-id=\"fc6db0e\" data-element_type=\"section\">\n\t\t\t\t\t\t<div class=\"elementor-container elementor-column-gap-default\">\n\t\t\t\t\t<div class=\"elementor-column elementor-col-100 elementor-top-column elementor-element elementor-element-6dbfe90\" data-id=\"6dbfe90\" data-element_type=\"column\">\n\t\t\t<div class=\"elementor-widget-wrap elementor-element-populated\">\n\t\t\t\t\t\t<div class=\"elementor-element elementor-element-0710c11 elementor-widget elementor-widget-text-editor\" data-id=\"0710c11\" data-element_type=\"widget\" data-widget_type=\"text-editor.default\">\n\t\t\t\t<div class=\"elementor-widget-container\">\n\t\t\t\t\t\t\t\t\t<p>Desde 1987, transformando la madera en innovaci\u00f3n.<\/p>\t\t\t\t\t\t\t\t<\/div>\n\t\t\t\t<\/div>\n\t\t\t\t\t<\/div>\n\t\t<\/div>\n\t\t\t\t\t<\/div>\n\t\t<\/section>\n\t\t\t\t<section class=\"elementor-section elementor-top-section elementor-element elementor-element-abbc2dc elementor-section-boxed elementor-section-height-default elementor-section-height-default\" data-id=\"abbc2dc\" data-element_type=\"section\">\n\t\t\t\t\t\t<div class=\"elementor-container elementor-column-gap-default\">\n\t\t\t\t\t<div class=\"elementor-column elementor-col-100 elementor-top-column elementor-element elementor-element-4d6b026\" data-id=\"4d6b026\" data-element_type=\"column\">\n\t\t\t<div class=\"elementor-widget-wrap elementor-element-populated\">\n\t\t\t\t\t\t<div class=\"elementor-element elementor-element-c3db6e4 elementor-widget elementor-widget-text-editor\" data-id=\"c3db6e4\" data-element_type=\"widget\" data-widget_type=\"text-editor.default\">\n\t\t\t\t<div class=\"elementor-widget-container\">\n\t\t\t\t\t\t\t\t\t<p data-start=\"205\" data-end=\"523\">Fundada en 1987, Carli Plywood naci\u00f3 del esp\u00edritu emprendedor y la visi\u00f3n de su fundador. A lo largo de su historia, se ha forjado una s\u00f3lida reputaci\u00f3n en la industria maderera, siempre guiada por la calidad, la responsabilidad y el compromiso con sus clientes y socios.<br><br>Comenzamos fabricando peque\u00f1os art\u00edculos de madera, con un enfoque absoluto en la excelencia del producto y la satisfacci\u00f3n de quienes conf\u00edan en nuestro trabajo. Con dedicaci\u00f3n, disciplina y constante evoluci\u00f3n, ampliamos nuestras operaciones, incorporando, en la d\u00e9cada de 1990, el proceso de secado de madera aserrada en hornos, inicialmente dirigido al mercado nacional.<br><br>A principios de la d\u00e9cada de 2000, Carli Plywood marc\u00f3 un punto de inflexi\u00f3n en su historia. Invertimos en la construcci\u00f3n de una moderna f\u00e1brica de paneles de contrachapado, lo que nos permiti\u00f3 diversificar nuestra cartera, aumentar la capacidad de producci\u00f3n y elevar a\u00fan m\u00e1s nuestros est\u00e1ndares de calidad. <br><br>Desde 2004, nuestras operaciones han trascendido fronteras. Iniciamos nuestras operaciones en el mercado internacional, llevando la marca Carli Plywood y nuestros productos a varios pa\u00edses, siempre guiados por la b\u00fasqueda constante de la excelencia, la sostenibilidad y la innovaci\u00f3n.<\/p>\t\t\t\t\t\t\t\t<\/div>\n\t\t\t\t<\/div>\n\t\t\t\t\t<\/div>\n\t\t<\/div>\n\t\t\t\t\t<\/div>\n\t\t<\/section>\n\t\t\t\t<section class=\"elementor-section elementor-top-section elementor-element elementor-element-003d70d elementor-section-boxed elementor-section-height-default elementor-section-height-default\" data-id=\"003d70d\" data-element_type=\"section\">\n\t\t\t\t\t\t<div class=\"elementor-container elementor-column-gap-default\">\n\t\t\t\t\t<div class=\"elementor-column elementor-col-50 elementor-top-column elementor-element elementor-element-be22a1b\" data-id=\"be22a1b\" data-element_type=\"column\">\n\t\t\t<div class=\"elementor-widget-wrap elementor-element-populated\">\n\t\t\t\t\t\t<div class=\"elementor-element elementor-element-81254c2 elementor-widget elementor-widget-image\" data-id=\"81254c2\" data-element_type=\"widget\" data-widget_type=\"image.default\">\n\t\t\t\t<div class=\"elementor-widget-container\">\n\t\t\t\t\t\t\t\t\t\t\t\t\t\t\t<img fetchpriority=\"high\" decoding=\"async\" width=\"660\" height=\"697\" src=\"https:\/\/carliplywood.ind.br\/wp-content\/uploads\/2025\/06\/CARLI.png\" class=\"attachment-large size-large wp-image-460\" alt=\"\" srcset=\"https:\/\/carliplywood.ind.br\/wp-content\/uploads\/2025\/06\/CARLI.png 660w, https:\/\/carliplywood.ind.br\/wp-content\/uploads\/2025\/06\/CARLI-600x634.png 600w, https:\/\/carliplywood.ind.br\/wp-content\/uploads\/2025\/06\/CARLI-284x300.png 284w\" sizes=\"(max-width: 660px) 100vw, 660px\" \/>\t\t\t\t\t\t\t\t\t\t\t\t\t\t\t<\/div>\n\t\t\t\t<\/div>\n\t\t\t\t\t<\/div>\n\t\t<\/div>\n\t\t\t\t<div class=\"elementor-column elementor-col-50 elementor-top-column elementor-element elementor-element-802f92b\" data-id=\"802f92b\" data-element_type=\"column\">\n\t\t\t<div class=\"elementor-widget-wrap elementor-element-populated\">\n\t\t\t\t\t\t<div class=\"elementor-element elementor-element-5775a0b elementor-widget elementor-widget-heading\" data-id=\"5775a0b\" data-element_type=\"widget\" data-widget_type=\"heading.default\">\n\t\t\t\t<div class=\"elementor-widget-container\">\n\t\t\t\t\t<h2 class=\"elementor-heading-title elementor-size-default\">Fernando Carli<\/h2>\t\t\t\t<\/div>\n\t\t\t\t<\/div>\n\t\t\t\t<div class=\"elementor-element elementor-element-e5f5130 elementor-widget elementor-widget-heading\" data-id=\"e5f5130\" data-element_type=\"widget\" data-widget_type=\"heading.default\">\n\t\t\t\t<div class=\"elementor-widget-container\">\n\t\t\t\t\t<h2 class=\"elementor-heading-title elementor-size-default\">DESENVOLVEDOR DE NEG\u00d3CIOS DA CARLI PLAC<\/h2>\t\t\t\t<\/div>\n\t\t\t\t<\/div>\n\t\t\t\t<div class=\"elementor-element elementor-element-3b27087 elementor-widget elementor-widget-text-editor\" data-id=\"3b27087\" data-element_type=\"widget\" data-widget_type=\"text-editor.default\">\n\t\t\t\t<div class=\"elementor-widget-container\">\n\t\t\t\t\t\t\t\t\t<p data-start=\"238\" data-end=\"560\">Al frente de Carliplac, Fernando Carli representa la continuaci\u00f3n de una trayectoria familiar marcada por el trabajo, la visi\u00f3n de futuro y el compromiso con la excelencia. Con esp\u00edritu emprendedor y un profundo conocimiento del sector maderero, lidera la empresa con un enfoque en la innovaci\u00f3n, la sostenibilidad y las s\u00f3lidas relaciones comerciales.<\/p><p data-start=\"562\" data-end=\"785\">Bajo su liderazgo, Carliplac fortaleci\u00f3 su estructura industrial, ampli\u00f3 su presencia internacional y reafirm\u00f3 sus valores: producir responsablemente, respetar el medio ambiente y entregar calidad en cada panel.<\/p><p data-start=\"787\" data-end=\"940\">M\u00e1s que liderar una industria, Fernando Carli lidera una cultura: la cultura de hacer las cosas bien, con prop\u00f3sito y con la mirada puesta en el ma\u00f1ana.<\/p>\t\t\t\t\t\t\t\t<\/div>\n\t\t\t\t<\/div>\n\t\t\t\t\t<\/div>\n\t\t<\/div>\n\t\t\t\t\t<\/div>\n\t\t<\/section>\n\t\t\t\t<section class=\"elementor-section elementor-top-section elementor-element elementor-element-2e52982 elementor-section-boxed elementor-section-height-default elementor-section-height-default\" data-id=\"2e52982\" data-element_type=\"section\">\n\t\t\t\t\t\t<div class=\"elementor-container elementor-column-gap-default\">\n\t\t\t\t\t<div class=\"elementor-column elementor-col-100 elementor-top-column elementor-element elementor-element-fcbc187\" data-id=\"fcbc187\" data-element_type=\"column\">\n\t\t\t<div class=\"elementor-widget-wrap elementor-element-populated\">\n\t\t\t\t\t\t<div class=\"elementor-element elementor-element-0f0d209 elementor-widget elementor-widget-text-editor\" data-id=\"0f0d209\" data-element_type=\"widget\" data-widget_type=\"text-editor.default\">\n\t\t\t\t<div class=\"elementor-widget-container\">\n\t\t\t\t\t\t\t\t\t<h2 data-start=\"205\" data-end=\"523\">Presen\u00e7a Global<\/h2><p data-start=\"205\" data-end=\"523\"><br \/>Carli Plywood est\u00e1 actualmente presente en los principales mercados internacionales y dispone de almacenes de distribuci\u00f3n en Italia, lo que nos permite ofrecer agilidad, flexibilidad y un servicio personalizado a nuestros clientes en diferentes partes del mundo.<br \/><br \/><\/p><h2 data-start=\"205\" data-end=\"523\">Nosso Compromisso<\/h2><p data-start=\"205\" data-end=\"523\"><br \/>Mais do que produzir pain\u00e9is de madeira compensada, oferecemos solu\u00e7\u00f5es que unem tecnologia, qualidade, sustentabilidade e respeito \u00e0s pessoas e ao meio ambiente. Cada etapa de nossa produ\u00e7\u00e3o \u00e9 rigorosamente acompanhada, garantindo produtos <br \/>certificados, de alta performance e que atendem \u00e0s mais exigentes normas de qualidade.<\/p>\t\t\t\t\t\t\t\t<\/div>\n\t\t\t\t<\/div>\n\t\t\t\t\t<\/div>\n\t\t<\/div>\n\t\t\t\t\t<\/div>\n\t\t<\/section>\n\t\t\t\t<\/div>","protected":false},"excerpt":{"rendered":"<p>Carli Plac Desde 1987, transformando madeira em inova\u00e7\u00e3o. Fundada em 1987, a Carli Plywood nasceu do esp\u00edrito empreendedor e da vis\u00e3o de seu fundador. Ao longo de sua trajet\u00f3ria, construiu uma reputa\u00e7\u00e3o s\u00f3lida no setor madeireiro, sempre pautada na qualidade, na responsabilidade e no compromisso com seus clientes e parceiros. Nosso in\u00edcio foi marcado pela [&hellip;]<\/p>\n","protected":false},"author":3,"featured_media":0,"parent":0,"menu_order":0,"comment_status":"closed","ping_status":"closed","template":"","meta":{"footnotes":""},"class_list":["post-426","page","type-page","status-publish","hentry"],"_links":{"self":[{"href":"https:\/\/carliplywood.ind.br\/es\/wp-json\/wp\/v2\/pages\/426","targetHints":{"allow":["GET"]}}],"collection":[{"href":"https:\/\/carliplywood.ind.br\/es\/wp-json\/wp\/v2\/pages"}],"about":[{"href":"https:\/\/carliplywood.ind.br\/es\/wp-json\/wp\/v2\/types\/page"}],"author":[{"embeddable":true,"href":"https:\/\/carliplywood.ind.br\/es\/wp-json\/wp\/v2\/users\/3"}],"replies":[{"embeddable":true,"href":"https:\/\/carliplywood.ind.br\/es\/wp-json\/wp\/v2\/comments?post=426"}],"version-history":[{"count":31,"href":"https:\/\/carliplywood.ind.br\/es\/wp-json\/wp\/v2\/pages\/426\/revisions"}],"predecessor-version":[{"id":1034,"href":"https:\/\/carliplywood.ind.br\/es\/wp-json\/wp\/v2\/pages\/426\/revisions\/1034"}],"wp:attachment":[{"href":"https:\/\/carliplywood.ind.br\/es\/wp-json\/wp\/v2\/media?parent=426"}],"curies":[{"name":"wp","href":"https:\/\/api.w.org\/{rel}","templated":true}]}}