{"id":434,"date":"2025-06-01T12:50:23","date_gmt":"2025-06-01T15:50:23","guid":{"rendered":"https:\/\/carliplac.com.br\/?page_id=434"},"modified":"2025-06-16T14:47:59","modified_gmt":"2025-06-16T17:47:59","slug":"nossa-producao","status":"publish","type":"page","link":"https:\/\/carliplywood.ind.br\/es\/nossa-producao\/","title":{"rendered":"Nuestra producci\u00f3n"},"content":{"rendered":"<div data-elementor-type=\"wp-page\" data-elementor-id=\"434\" class=\"elementor elementor-434\" data-elementor-post-type=\"page\">\n\t\t\t\t\t\t<section class=\"elementor-section elementor-top-section elementor-element elementor-element-5dda4ce elementor-section-full_width elementor-section-height-min-height elementor-section-stretched elementor-section-height-default elementor-section-items-middle\" data-id=\"5dda4ce\" data-element_type=\"section\" data-settings=\"{&quot;stretch_section&quot;:&quot;section-stretched&quot;,&quot;background_background&quot;:&quot;classic&quot;}\">\n\t\t\t\t\t\t\t<div class=\"elementor-background-overlay\"><\/div>\n\t\t\t\t\t\t\t<div class=\"elementor-container elementor-column-gap-no\">\n\t\t\t\t\t<div class=\"elementor-column elementor-col-100 elementor-top-column elementor-element elementor-element-5d6b709\" data-id=\"5d6b709\" data-element_type=\"column\">\n\t\t\t<div class=\"elementor-widget-wrap\">\n\t\t\t\t\t\t\t<\/div>\n\t\t<\/div>\n\t\t\t\t\t<\/div>\n\t\t<\/section>\n\t\t\t\t<section class=\"elementor-section elementor-top-section elementor-element elementor-element-aef655c elementor-section-boxed elementor-section-height-default elementor-section-height-default\" data-id=\"aef655c\" data-element_type=\"section\">\n\t\t\t\t\t\t<div class=\"elementor-container elementor-column-gap-default\">\n\t\t\t\t\t<div class=\"elementor-column elementor-col-100 elementor-top-column elementor-element elementor-element-17e70f8\" data-id=\"17e70f8\" data-element_type=\"column\">\n\t\t\t<div class=\"elementor-widget-wrap elementor-element-populated\">\n\t\t\t\t\t\t<div class=\"elementor-element elementor-element-a75726c elementor-widget elementor-widget-heading\" data-id=\"a75726c\" data-element_type=\"widget\" data-widget_type=\"heading.default\">\n\t\t\t\t<div class=\"elementor-widget-container\">\n\t\t\t\t\t<h2 class=\"elementor-heading-title elementor-size-default\">Nuestra producci\u00f3n<\/h2>\t\t\t\t<\/div>\n\t\t\t\t<\/div>\n\t\t\t\t<div class=\"elementor-element elementor-element-6b771f7 elementor-widget elementor-widget-text-editor\" data-id=\"6b771f7\" data-element_type=\"widget\" data-widget_type=\"text-editor.default\">\n\t\t\t\t<div class=\"elementor-widget-container\">\n\t\t\t\t\t\t\t\t\t<p data-start=\"228\" data-end=\"572\">En Carliplac, la producci\u00f3n de contrachapado se realiza con rigor t\u00e9cnico, responsabilidad ambiental y un enfoque total en la calidad. Controlamos todas las etapas del proceso productivo, desde la gesti\u00f3n sostenible de los pinares hasta la industrializaci\u00f3n final, garantizando la eficiencia, la estandarizaci\u00f3n y el compromiso con los mercados nacionales e internacionales.<\/p>\t\t\t\t\t\t\t\t<\/div>\n\t\t\t\t<\/div>\n\t\t\t\t\t<\/div>\n\t\t<\/div>\n\t\t\t\t\t<\/div>\n\t\t<\/section>\n\t\t\t\t<section class=\"elementor-section elementor-top-section elementor-element elementor-element-4ae2125 elementor-section-boxed elementor-section-height-default elementor-section-height-default\" data-id=\"4ae2125\" data-element_type=\"section\">\n\t\t\t\t\t\t<div class=\"elementor-container elementor-column-gap-default\">\n\t\t\t\t\t<div class=\"elementor-column elementor-col-50 elementor-top-column elementor-element elementor-element-a30caa3\" data-id=\"a30caa3\" data-element_type=\"column\">\n\t\t\t<div class=\"elementor-widget-wrap elementor-element-populated\">\n\t\t\t\t\t\t<div class=\"elementor-element elementor-element-02fd970 elementor-widget elementor-widget-heading\" data-id=\"02fd970\" data-element_type=\"widget\" data-widget_type=\"heading.default\">\n\t\t\t\t<div class=\"elementor-widget-container\">\n\t\t\t\t\t<h2 class=\"elementor-heading-title elementor-size-default\">Desde 1987, la confianza en <br>quien es un referente<\/h2>\t\t\t\t<\/div>\n\t\t\t\t<\/div>\n\t\t\t\t<div class=\"elementor-element elementor-element-6b07d0e elementor-widget elementor-widget-text-editor\" data-id=\"6b07d0e\" data-element_type=\"widget\" data-widget_type=\"text-editor.default\">\n\t\t\t\t<div class=\"elementor-widget-container\">\n\t\t\t\t\t\t\t\t\t<p data-start=\"228\" data-end=\"572\">Con m\u00e1s de tres d\u00e9cadas de historia, Carliplac se ha consolidado como uno de los principales productores de contrachapado de pino en Brasil. Nuestra operaci\u00f3n est\u00e1 totalmente verticalizada, lo que garantiza el control de calidad en cada etapa, desde el cultivo de bosques de pino certificados hasta la entrega final de nuestros paneles estructurales.<\/p><p data-start=\"574\" data-end=\"900\">Toda nuestra producci\u00f3n se realiza con un enfoque en la excelencia t\u00e9cnica, la responsabilidad ambiental y el cumplimiento de los est\u00e1ndares internacionales m\u00e1s exigentes. Utilizamos madera de reforestaci\u00f3n, certificada por FSC\u00ae, y empleamos tecnolog\u00eda de vanguardia para garantizar la resistencia, durabilidad y uniformidad de cada tablero.<\/p><p data-start=\"902\" data-end=\"1116\">Atendiendo el mercado nacional e internacional, Carliplac es reconocida por su capacidad de producci\u00f3n, compromiso con los plazos y soluciones personalizadas para diferentes segmentos de la industria y la construcci\u00f3n civil.<\/p><p data-start=\"1118\" data-end=\"1207\">Producimos m\u00e1s que madera: entregamos confianza, tradici\u00f3n e innovaci\u00f3n a cada proyecto.<\/p>\t\t\t\t\t\t\t\t<\/div>\n\t\t\t\t<\/div>\n\t\t\t\t\t<\/div>\n\t\t<\/div>\n\t\t\t\t<div class=\"elementor-column elementor-col-50 elementor-top-column elementor-element elementor-element-30b947c\" data-id=\"30b947c\" data-element_type=\"column\">\n\t\t\t<div class=\"elementor-widget-wrap elementor-element-populated\">\n\t\t\t\t\t\t<div class=\"elementor-element elementor-element-452a45f elementor-widget elementor-widget-image\" data-id=\"452a45f\" data-element_type=\"widget\" data-widget_type=\"image.default\">\n\t\t\t\t<div class=\"elementor-widget-container\">\n\t\t\t\t\t\t\t\t\t\t\t\t\t\t\t<img fetchpriority=\"high\" decoding=\"async\" width=\"800\" height=\"800\" src=\"https:\/\/carliplywood.ind.br\/wp-content\/uploads\/2025\/06\/PROD02.png\" class=\"attachment-large size-large wp-image-437\" alt=\"\" srcset=\"https:\/\/carliplywood.ind.br\/wp-content\/uploads\/2025\/06\/PROD02.png 824w, https:\/\/carliplywood.ind.br\/wp-content\/uploads\/2025\/06\/PROD02-300x300.png 300w, https:\/\/carliplywood.ind.br\/wp-content\/uploads\/2025\/06\/PROD02-100x100.png 100w, https:\/\/carliplywood.ind.br\/wp-content\/uploads\/2025\/06\/PROD02-600x600.png 600w, https:\/\/carliplywood.ind.br\/wp-content\/uploads\/2025\/06\/PROD02-150x150.png 150w, https:\/\/carliplywood.ind.br\/wp-content\/uploads\/2025\/06\/PROD02-768x768.png 768w\" sizes=\"(max-width: 800px) 100vw, 800px\" \/>\t\t\t\t\t\t\t\t\t\t\t\t\t\t\t<\/div>\n\t\t\t\t<\/div>\n\t\t\t\t\t<\/div>\n\t\t<\/div>\n\t\t\t\t\t<\/div>\n\t\t<\/section>\n\t\t\t\t<\/div>","protected":false},"excerpt":{"rendered":"<p>Nossa produ\u00e7\u00e3o Na Carliplac, a produ\u00e7\u00e3o de compensados \u00e9 conduzida com rigor t\u00e9cnico, responsabilidade ambiental e foco total em qualidade. Controlamos todas as etapas do processo produtivo, desde o manejo sustent\u00e1vel das florestas de pinus at\u00e9 a industrializa\u00e7\u00e3o final, garantindo efici\u00eancia, padroniza\u00e7\u00e3o e compromisso com o mercado nacional e internacional. Desde 1987, confie em quem [&hellip;]<\/p>\n","protected":false},"author":3,"featured_media":0,"parent":0,"menu_order":0,"comment_status":"closed","ping_status":"closed","template":"","meta":{"footnotes":""},"class_list":["post-434","page","type-page","status-publish","hentry"],"_links":{"self":[{"href":"https:\/\/carliplywood.ind.br\/es\/wp-json\/wp\/v2\/pages\/434","targetHints":{"allow":["GET"]}}],"collection":[{"href":"https:\/\/carliplywood.ind.br\/es\/wp-json\/wp\/v2\/pages"}],"about":[{"href":"https:\/\/carliplywood.ind.br\/es\/wp-json\/wp\/v2\/types\/page"}],"author":[{"embeddable":true,"href":"https:\/\/carliplywood.ind.br\/es\/wp-json\/wp\/v2\/users\/3"}],"replies":[{"embeddable":true,"href":"https:\/\/carliplywood.ind.br\/es\/wp-json\/wp\/v2\/comments?post=434"}],"version-history":[{"count":19,"href":"https:\/\/carliplywood.ind.br\/es\/wp-json\/wp\/v2\/pages\/434\/revisions"}],"predecessor-version":[{"id":1015,"href":"https:\/\/carliplywood.ind.br\/es\/wp-json\/wp\/v2\/pages\/434\/revisions\/1015"}],"wp:attachment":[{"href":"https:\/\/carliplywood.ind.br\/es\/wp-json\/wp\/v2\/media?parent=434"}],"curies":[{"name":"wp","href":"https:\/\/api.w.org\/{rel}","templated":true}]}}