{"id":804,"date":"2025-06-03T11:22:56","date_gmt":"2025-06-03T14:22:56","guid":{"rendered":"https:\/\/carliplac.com.br\/?post_type=product&#038;p=804"},"modified":"2025-07-23T10:40:53","modified_gmt":"2025-07-23T13:40:53","slug":"ac-100-pinus","status":"publish","type":"product","link":"https:\/\/carliplywood.ind.br\/es\/producto\/ac-100-pinus\/","title":{"rendered":"AC 100% Pino"},"content":{"rendered":"<p><strong>Calidad natural, versatilidad garantizada.<\/strong><br \/>\nFabricado exclusivamente con chapas de pino seleccionadas y completamente libre de nudos, proporciona excelente estabilidad, uniformidad y ligereza est\u00e9tica. El panel 100% Pino AC es ideal para aplicaciones donde se valora el acabado visual, ofreciendo f\u00e1cil mecanizado, excelente adherencia a pinturas y barnices, adem\u00e1s de resistencia y durabilidad. Ideal para proyectos que requieren un material sostenible y de origen controlado.<\/p>\n<p><strong>Ficha t\u00e9cnica 9mm:\u00a0 <span style=\"color: #ff0000;\">\u00a0<span style=\"color: #0000ff;\"><a style=\"color: #0000ff;\" href=\"https:\/\/carliplywood.ind.br\/wp-content\/uploads\/2025\/07\/Specification-Sheets-12mm-5-ply-AC.pdf\" target=\"_blank\" rel=\"noopener\">Descargar aqu\u00ed<\/a><\/span><\/span><\/strong><br \/>\n<strong>Ficha t\u00e9cnica 12mm: <a href=\"https:\/\/carliplywood.ind.br\/wp-content\/uploads\/2025\/07\/Specification-Sheets-12mm-5-ply-AC.pdf\" target=\"_blank\" rel=\"noopener\">Descargar aqu\u00ed<\/a><\/strong><br \/>\n<strong>Ficha t\u00e9cnica 18mm: <a href=\"https:\/\/carliplywood.ind.br\/wp-content\/uploads\/2025\/07\/Specification-18mm-7cam-AC.pdf\" target=\"_blank\" rel=\"noopener\">Descargar aqu\u00ed<\/a><\/strong><\/p>","protected":false},"excerpt":{"rendered":"<p>Qualidade natural, versatilidade garantida. Fabricado exclusivamente com l\u00e2minas selecionadas de pinus e totalmente sem n\u00f3s, proporcional excelente estabilidade, uniformidade e leveza est\u00e9tica. O painel AC 100% Pinus \u00e9 indicado para aplica\u00e7\u00f5es onde o acabamento visual \u00e9 valorizado, oferecendo f\u00e1cil usinagem, \u00f3tima ader\u00eancia para pinturas e vernizes, al\u00e9m de resist\u00eancia e durabilidade. Ideal para projetos que [&hellip;]<\/p>\n","protected":false},"featured_media":591,"template":"","meta":[],"product_brand":[],"product_cat":[39],"product_tag":[],"class_list":{"0":"post-804","1":"product","2":"type-product","3":"status-publish","4":"has-post-thumbnail","6":"product_cat-sem-categoria","8":"first","9":"instock","10":"shipping-taxable","11":"product-type-simple"},"_links":{"self":[{"href":"https:\/\/carliplywood.ind.br\/es\/wp-json\/wp\/v2\/product\/804","targetHints":{"allow":["GET"]}}],"collection":[{"href":"https:\/\/carliplywood.ind.br\/es\/wp-json\/wp\/v2\/product"}],"about":[{"href":"https:\/\/carliplywood.ind.br\/es\/wp-json\/wp\/v2\/types\/product"}],"wp:featuredmedia":[{"embeddable":true,"href":"https:\/\/carliplywood.ind.br\/es\/wp-json\/wp\/v2\/media\/591"}],"wp:attachment":[{"href":"https:\/\/carliplywood.ind.br\/es\/wp-json\/wp\/v2\/media?parent=804"}],"wp:term":[{"taxonomy":"product_brand","embeddable":true,"href":"https:\/\/carliplywood.ind.br\/es\/wp-json\/wp\/v2\/product_brand?post=804"},{"taxonomy":"product_cat","embeddable":true,"href":"https:\/\/carliplywood.ind.br\/es\/wp-json\/wp\/v2\/product_cat?post=804"},{"taxonomy":"product_tag","embeddable":true,"href":"https:\/\/carliplywood.ind.br\/es\/wp-json\/wp\/v2\/product_tag?post=804"}],"curies":[{"name":"wp","href":"https:\/\/api.w.org\/{rel}","templated":true}]}}