{"id":808,"date":"2025-06-03T11:43:09","date_gmt":"2025-06-03T14:43:09","guid":{"rendered":"https:\/\/carliplac.com.br\/?post_type=product&#038;p=808"},"modified":"2025-06-03T11:43:09","modified_gmt":"2025-06-03T14:43:09","slug":"c-c-100-pinus","status":"publish","type":"product","link":"https:\/\/carliplywood.ind.br\/es\/producto\/c-c-100-pinus\/","title":{"rendered":"C+\/C 100% Pino"},"content":{"rendered":"<p><strong>Ligereza, practicidad y acabado confiable.<\/strong><br data-start=\"169\" data-end=\"172\" \/>Fabricado \u00edntegramente con chapa de pino, el panel C+\/C 100% Pino ofrece excelente estabilidad y f\u00e1cil manejo. La cara C+ ofrece un mejor acabado para aplicaciones que requieren una mejor apariencia, mientras que la cara C se recomienda para usos t\u00e9cnicos y estructurales. Ideal para embalajes, revestimientos, mobiliario de interior y proyectos industriales, combina sostenibilidad, uniformidad y una excelente relaci\u00f3n calidad-precio para diversas necesidades de construcci\u00f3n y producci\u00f3n.<\/p>","protected":false},"excerpt":{"rendered":"<p>Leveza, praticidade e acabamento confi\u00e1vel.Fabricado inteiramente com l\u00e2minas de pinus, o painel C+\/C 100% Pinus oferece excelente estabilidade e f\u00e1cil manuseio. A face C+ apresenta melhor acabamento para aplica\u00e7\u00f5es que exigem apar\u00eancia aprimorada, enquanto a face C \u00e9 indicada para usos t\u00e9cnicos e estruturais. Ideal para embalagens, tapumes, mobili\u00e1rio interno e projetos industriais, combina sustentabilidade, [&hellip;]<\/p>\n","protected":false},"featured_media":615,"template":"","meta":[],"product_brand":[],"product_cat":[39],"product_tag":[],"class_list":{"0":"post-808","1":"product","2":"type-product","3":"status-publish","4":"has-post-thumbnail","6":"product_cat-sem-categoria","8":"first","9":"instock","10":"shipping-taxable","11":"product-type-simple"},"_links":{"self":[{"href":"https:\/\/carliplywood.ind.br\/es\/wp-json\/wp\/v2\/product\/808","targetHints":{"allow":["GET"]}}],"collection":[{"href":"https:\/\/carliplywood.ind.br\/es\/wp-json\/wp\/v2\/product"}],"about":[{"href":"https:\/\/carliplywood.ind.br\/es\/wp-json\/wp\/v2\/types\/product"}],"wp:featuredmedia":[{"embeddable":true,"href":"https:\/\/carliplywood.ind.br\/es\/wp-json\/wp\/v2\/media\/615"}],"wp:attachment":[{"href":"https:\/\/carliplywood.ind.br\/es\/wp-json\/wp\/v2\/media?parent=808"}],"wp:term":[{"taxonomy":"product_brand","embeddable":true,"href":"https:\/\/carliplywood.ind.br\/es\/wp-json\/wp\/v2\/product_brand?post=808"},{"taxonomy":"product_cat","embeddable":true,"href":"https:\/\/carliplywood.ind.br\/es\/wp-json\/wp\/v2\/product_cat?post=808"},{"taxonomy":"product_tag","embeddable":true,"href":"https:\/\/carliplywood.ind.br\/es\/wp-json\/wp\/v2\/product_tag?post=808"}],"curies":[{"name":"wp","href":"https:\/\/api.w.org\/{rel}","templated":true}]}}