{"id":809,"date":"2025-06-03T11:45:49","date_gmt":"2025-06-03T14:45:49","guid":{"rendered":"https:\/\/carliplac.com.br\/?post_type=product&#038;p=809"},"modified":"2025-06-03T13:19:54","modified_gmt":"2025-06-03T16:19:54","slug":"cdx-100-pinus","status":"publish","type":"product","link":"https:\/\/carliplywood.ind.br\/es\/producto\/cdx-100-pinus\/","title":{"rendered":"CDX 100% Pino"},"content":{"rendered":"<p><strong>Resistencia y practicidad para aplicaciones exigentes.<\/strong><br data-start=\"151\" data-end=\"154\" \/>Fabricado con chapas de pino de alta calidad, el panel CDX 100% Pino destaca por su durabilidad y f\u00e1cil manejo. Con encolado resistente a la humedad, se recomienda su uso en construcci\u00f3n civil, revestimientos, encofrados y embalajes robustos. Ofrece un excelente rendimiento estructural, ligereza y una excelente relaci\u00f3n calidad-precio, siendo la soluci\u00f3n ideal para proyectos que requieren resistencia, versatilidad y rapidez de ejecuci\u00f3n.<\/p>","protected":false},"excerpt":{"rendered":"<h3 data-start=\"260\" data-end=\"282\"><strong data-start=\"264\" data-end=\"280\">Dimens\u00f5es<\/strong><\/h3>\n<ul data-start=\"283\" data-end=\"430\">\n<li data-start=\"283\" data-end=\"346\">\n<p data-start=\"285\" data-end=\"346\"><strong data-start=\"285\" data-end=\"312\">Espesores disponibles:<\/strong> 6mm, 10mm, 12mm, 15mm, 18mm, 20mm<\/p>\n<\/li>\n<li data-start=\"347\" data-end=\"370\">\n<p data-start=\"349\" data-end=\"370\"><strong data-start=\"349\" data-end=\"361\">Largura:<\/strong> 1,22 m<\/p>\n<\/li>\n<li data-start=\"371\" data-end=\"430\">\n<p data-start=\"373\" data-end=\"430\"><strong data-start=\"373\" data-end=\"389\">Comprimento:<\/strong> 2,44 m<br data-start=\"396\" data-end=\"399\" \/><em data-start=\"399\" data-end=\"430\">(Outras medidas sob consulta)<\/em><\/p>\n<\/li>\n<\/ul>","protected":false},"featured_media":625,"template":"","meta":[],"product_brand":[],"product_cat":[39],"product_tag":[],"class_list":{"0":"post-809","1":"product","2":"type-product","3":"status-publish","4":"has-post-thumbnail","6":"product_cat-sem-categoria","8":"first","9":"instock","10":"shipping-taxable","11":"product-type-simple"},"_links":{"self":[{"href":"https:\/\/carliplywood.ind.br\/es\/wp-json\/wp\/v2\/product\/809","targetHints":{"allow":["GET"]}}],"collection":[{"href":"https:\/\/carliplywood.ind.br\/es\/wp-json\/wp\/v2\/product"}],"about":[{"href":"https:\/\/carliplywood.ind.br\/es\/wp-json\/wp\/v2\/types\/product"}],"wp:featuredmedia":[{"embeddable":true,"href":"https:\/\/carliplywood.ind.br\/es\/wp-json\/wp\/v2\/media\/625"}],"wp:attachment":[{"href":"https:\/\/carliplywood.ind.br\/es\/wp-json\/wp\/v2\/media?parent=809"}],"wp:term":[{"taxonomy":"product_brand","embeddable":true,"href":"https:\/\/carliplywood.ind.br\/es\/wp-json\/wp\/v2\/product_brand?post=809"},{"taxonomy":"product_cat","embeddable":true,"href":"https:\/\/carliplywood.ind.br\/es\/wp-json\/wp\/v2\/product_cat?post=809"},{"taxonomy":"product_tag","embeddable":true,"href":"https:\/\/carliplywood.ind.br\/es\/wp-json\/wp\/v2\/product_tag?post=809"}],"curies":[{"name":"wp","href":"https:\/\/api.w.org\/{rel}","templated":true}]}}