{"id":426,"date":"2025-06-01T12:46:57","date_gmt":"2025-06-01T15:46:57","guid":{"rendered":"https:\/\/carliplac.com.br\/?page_id=426"},"modified":"2025-06-26T09:14:18","modified_gmt":"2025-06-26T12:14:18","slug":"sobre","status":"publish","type":"page","link":"https:\/\/carliplywood.ind.br\/it\/sobre\/","title":{"rendered":"SU"},"content":{"rendered":"<div data-elementor-type=\"wp-page\" data-elementor-id=\"426\" class=\"elementor elementor-426\" data-elementor-post-type=\"page\">\n\t\t\t\t\t\t<section class=\"elementor-section elementor-top-section elementor-element elementor-element-156ccbf elementor-section-full_width elementor-section-height-min-height elementor-section-height-default elementor-section-items-middle\" data-id=\"156ccbf\" data-element_type=\"section\" data-settings=\"{&quot;background_background&quot;:&quot;classic&quot;}\">\n\t\t\t\t\t\t<div class=\"elementor-container elementor-column-gap-no\">\n\t\t\t\t\t<div class=\"elementor-column elementor-col-100 elementor-top-column elementor-element elementor-element-3b8d121\" data-id=\"3b8d121\" data-element_type=\"column\">\n\t\t\t<div class=\"elementor-widget-wrap\">\n\t\t\t\t\t\t\t<\/div>\n\t\t<\/div>\n\t\t\t\t\t<\/div>\n\t\t<\/section>\n\t\t\t\t<section class=\"elementor-section elementor-top-section elementor-element elementor-element-0e2ce6d elementor-section-boxed elementor-section-height-default elementor-section-height-default\" data-id=\"0e2ce6d\" data-element_type=\"section\">\n\t\t\t\t\t\t<div class=\"elementor-container elementor-column-gap-default\">\n\t\t\t\t\t<div class=\"elementor-column elementor-col-100 elementor-top-column elementor-element elementor-element-0620fb3\" data-id=\"0620fb3\" data-element_type=\"column\">\n\t\t\t<div class=\"elementor-widget-wrap elementor-element-populated\">\n\t\t\t\t\t\t<div class=\"elementor-element elementor-element-e442f03 elementor-widget elementor-widget-heading\" data-id=\"e442f03\" data-element_type=\"widget\" data-widget_type=\"heading.default\">\n\t\t\t\t<div class=\"elementor-widget-container\">\n\t\t\t\t\t<h2 class=\"elementor-heading-title elementor-size-default\">Luogo Carli<\/h2>\t\t\t\t<\/div>\n\t\t\t\t<\/div>\n\t\t\t\t\t<\/div>\n\t\t<\/div>\n\t\t\t\t\t<\/div>\n\t\t<\/section>\n\t\t\t\t<section class=\"elementor-section elementor-top-section elementor-element elementor-element-fc6db0e elementor-section-boxed elementor-section-height-default elementor-section-height-default\" data-id=\"fc6db0e\" data-element_type=\"section\">\n\t\t\t\t\t\t<div class=\"elementor-container elementor-column-gap-default\">\n\t\t\t\t\t<div class=\"elementor-column elementor-col-100 elementor-top-column elementor-element elementor-element-6dbfe90\" data-id=\"6dbfe90\" data-element_type=\"column\">\n\t\t\t<div class=\"elementor-widget-wrap elementor-element-populated\">\n\t\t\t\t\t\t<div class=\"elementor-element elementor-element-0710c11 elementor-widget elementor-widget-text-editor\" data-id=\"0710c11\" data-element_type=\"widget\" data-widget_type=\"text-editor.default\">\n\t\t\t\t<div class=\"elementor-widget-container\">\n\t\t\t\t\t\t\t\t\t<p>Dal 1987 trasformiamo il legno in innovazione.<\/p>\t\t\t\t\t\t\t\t<\/div>\n\t\t\t\t<\/div>\n\t\t\t\t\t<\/div>\n\t\t<\/div>\n\t\t\t\t\t<\/div>\n\t\t<\/section>\n\t\t\t\t<section class=\"elementor-section elementor-top-section elementor-element elementor-element-abbc2dc elementor-section-boxed elementor-section-height-default elementor-section-height-default\" data-id=\"abbc2dc\" data-element_type=\"section\">\n\t\t\t\t\t\t<div class=\"elementor-container elementor-column-gap-default\">\n\t\t\t\t\t<div class=\"elementor-column elementor-col-100 elementor-top-column elementor-element elementor-element-4d6b026\" data-id=\"4d6b026\" data-element_type=\"column\">\n\t\t\t<div class=\"elementor-widget-wrap elementor-element-populated\">\n\t\t\t\t\t\t<div class=\"elementor-element elementor-element-c3db6e4 elementor-widget elementor-widget-text-editor\" data-id=\"c3db6e4\" data-element_type=\"widget\" data-widget_type=\"text-editor.default\">\n\t\t\t\t<div class=\"elementor-widget-container\">\n\t\t\t\t\t\t\t\t\t<p data-start=\"205\" data-end=\"523\">Fondata nel 1987, Carli Plywood nasce dallo spirito imprenditoriale e dalla visione del suo fondatore. Nel corso della sua storia, ha costruito una solida reputazione nel settore del legno, sempre guidata da qualit\u00e0, responsabilit\u00e0 e impegno verso clienti e partner.<br><br>Abbiamo iniziato con la produzione di piccoli articoli in legno, con un'attenzione assoluta all'eccellenza del prodotto e alla soddisfazione di chi si affida al nostro lavoro. Con dedizione, disciplina e costante evoluzione, abbiamo ampliato la nostra attivit\u00e0, incorporando, negli anni '90, il processo di essiccazione del legno segato in forni, inizialmente destinato al mercato interno.<br><br>I primi anni 2000 hanno segnato una svolta nella storia di Carli Plywood. Abbiamo investito nella costruzione di una moderna fabbrica di pannelli di compensato, che ci ha permesso di diversificare il nostro portfolio, aumentare la capacit\u00e0 produttiva e innalzare ulteriormente i nostri standard qualitativi. <br><br>Dal 2004, la nostra attivit\u00e0 ha oltrepassato i confini nazionali. Abbiamo avviato la nostra attivit\u00e0 sul mercato internazionale, portando il nome Carli Plywood e i nostri prodotti in diversi paesi, sempre guidati dalla costante ricerca di eccellenza, sostenibilit\u00e0 e innovazione.<\/p>\t\t\t\t\t\t\t\t<\/div>\n\t\t\t\t<\/div>\n\t\t\t\t\t<\/div>\n\t\t<\/div>\n\t\t\t\t\t<\/div>\n\t\t<\/section>\n\t\t\t\t<section class=\"elementor-section elementor-top-section elementor-element elementor-element-003d70d elementor-section-boxed elementor-section-height-default elementor-section-height-default\" data-id=\"003d70d\" data-element_type=\"section\">\n\t\t\t\t\t\t<div class=\"elementor-container elementor-column-gap-default\">\n\t\t\t\t\t<div class=\"elementor-column elementor-col-50 elementor-top-column elementor-element elementor-element-be22a1b\" data-id=\"be22a1b\" data-element_type=\"column\">\n\t\t\t<div class=\"elementor-widget-wrap elementor-element-populated\">\n\t\t\t\t\t\t<div class=\"elementor-element elementor-element-81254c2 elementor-widget elementor-widget-image\" data-id=\"81254c2\" data-element_type=\"widget\" data-widget_type=\"image.default\">\n\t\t\t\t<div class=\"elementor-widget-container\">\n\t\t\t\t\t\t\t\t\t\t\t\t\t\t\t<img fetchpriority=\"high\" decoding=\"async\" width=\"660\" height=\"697\" src=\"https:\/\/carliplywood.ind.br\/wp-content\/uploads\/2025\/06\/CARLI.png\" class=\"attachment-large size-large wp-image-460\" alt=\"\" srcset=\"https:\/\/carliplywood.ind.br\/wp-content\/uploads\/2025\/06\/CARLI.png 660w, https:\/\/carliplywood.ind.br\/wp-content\/uploads\/2025\/06\/CARLI-600x634.png 600w, https:\/\/carliplywood.ind.br\/wp-content\/uploads\/2025\/06\/CARLI-284x300.png 284w\" sizes=\"(max-width: 660px) 100vw, 660px\" \/>\t\t\t\t\t\t\t\t\t\t\t\t\t\t\t<\/div>\n\t\t\t\t<\/div>\n\t\t\t\t\t<\/div>\n\t\t<\/div>\n\t\t\t\t<div class=\"elementor-column elementor-col-50 elementor-top-column elementor-element elementor-element-802f92b\" data-id=\"802f92b\" data-element_type=\"column\">\n\t\t\t<div class=\"elementor-widget-wrap elementor-element-populated\">\n\t\t\t\t\t\t<div class=\"elementor-element elementor-element-5775a0b elementor-widget elementor-widget-heading\" data-id=\"5775a0b\" data-element_type=\"widget\" data-widget_type=\"heading.default\">\n\t\t\t\t<div class=\"elementor-widget-container\">\n\t\t\t\t\t<h2 class=\"elementor-heading-title elementor-size-default\">Fernando Carli<\/h2>\t\t\t\t<\/div>\n\t\t\t\t<\/div>\n\t\t\t\t<div class=\"elementor-element elementor-element-e5f5130 elementor-widget elementor-widget-heading\" data-id=\"e5f5130\" data-element_type=\"widget\" data-widget_type=\"heading.default\">\n\t\t\t\t<div class=\"elementor-widget-container\">\n\t\t\t\t\t<h2 class=\"elementor-heading-title elementor-size-default\">DESENVOLVEDOR DE NEG\u00d3CIOS DA CARLI PLAC<\/h2>\t\t\t\t<\/div>\n\t\t\t\t<\/div>\n\t\t\t\t<div class=\"elementor-element elementor-element-3b27087 elementor-widget elementor-widget-text-editor\" data-id=\"3b27087\" data-element_type=\"widget\" data-widget_type=\"text-editor.default\">\n\t\t\t\t<div class=\"elementor-widget-container\">\n\t\t\t\t\t\t\t\t\t<p data-start=\"238\" data-end=\"560\">Alla guida di Carliplac, Fernando Carli rappresenta la continuazione di una tradizione familiare improntata al lavoro, alla visione del futuro e all'impegno per l'eccellenza. Con spirito imprenditoriale e una profonda conoscenza del settore del legno, guida l'azienda con un'attenzione particolare all'innovazione, alla sostenibilit\u00e0 e a solide relazioni commerciali.<\/p><p data-start=\"562\" data-end=\"785\">Sotto la sua guida, Carliplac ha rafforzato la sua struttura industriale, ampliato la sua presenza internazionale e riaffermato i suoi valori: produrre responsabilmente, rispettare l'ambiente e fornire qualit\u00e0 in ogni pannello.<\/p><p data-start=\"787\" data-end=\"940\">Pi\u00f9 che guidare un settore, Fernando Carli guida una cultura: la cultura del fare le cose bene, con uno scopo e con uno sguardo al futuro.<\/p>\t\t\t\t\t\t\t\t<\/div>\n\t\t\t\t<\/div>\n\t\t\t\t\t<\/div>\n\t\t<\/div>\n\t\t\t\t\t<\/div>\n\t\t<\/section>\n\t\t\t\t<section class=\"elementor-section elementor-top-section elementor-element elementor-element-2e52982 elementor-section-boxed elementor-section-height-default elementor-section-height-default\" data-id=\"2e52982\" data-element_type=\"section\">\n\t\t\t\t\t\t<div class=\"elementor-container elementor-column-gap-default\">\n\t\t\t\t\t<div class=\"elementor-column elementor-col-100 elementor-top-column elementor-element elementor-element-fcbc187\" data-id=\"fcbc187\" data-element_type=\"column\">\n\t\t\t<div class=\"elementor-widget-wrap elementor-element-populated\">\n\t\t\t\t\t\t<div class=\"elementor-element elementor-element-0f0d209 elementor-widget elementor-widget-text-editor\" data-id=\"0f0d209\" data-element_type=\"widget\" data-widget_type=\"text-editor.default\">\n\t\t\t\t<div class=\"elementor-widget-container\">\n\t\t\t\t\t\t\t\t\t<h2 data-start=\"205\" data-end=\"523\">Presen\u00e7a Global<\/h2><p data-start=\"205\" data-end=\"523\"><br \/>Carli Plywood \u00e8 attualmente presente nei principali mercati internazionali e dispone di magazzini di distribuzione in Italia, il che ci consente di offrire agilit\u00e0, flessibilit\u00e0 e servizio personalizzato ai nostri clienti in diverse parti del mondo.<br \/><br \/><\/p><h2 data-start=\"205\" data-end=\"523\">Nosso Compromisso<\/h2><p data-start=\"205\" data-end=\"523\"><br \/>Mais do que produzir pain\u00e9is de madeira compensada, oferecemos solu\u00e7\u00f5es que unem tecnologia, qualidade, sustentabilidade e respeito \u00e0s pessoas e ao meio ambiente. Cada etapa de nossa produ\u00e7\u00e3o \u00e9 rigorosamente acompanhada, garantindo produtos <br \/>certificados, de alta performance e que atendem \u00e0s mais exigentes normas de qualidade.<\/p>\t\t\t\t\t\t\t\t<\/div>\n\t\t\t\t<\/div>\n\t\t\t\t\t<\/div>\n\t\t<\/div>\n\t\t\t\t\t<\/div>\n\t\t<\/section>\n\t\t\t\t<\/div>","protected":false},"excerpt":{"rendered":"<p>Carli Plac Desde 1987, transformando madeira em inova\u00e7\u00e3o. Fundada em 1987, a Carli Plywood nasceu do esp\u00edrito empreendedor e da vis\u00e3o de seu fundador. Ao longo de sua trajet\u00f3ria, construiu uma reputa\u00e7\u00e3o s\u00f3lida no setor madeireiro, sempre pautada na qualidade, na responsabilidade e no compromisso com seus clientes e parceiros. Nosso in\u00edcio foi marcado pela [&hellip;]<\/p>\n","protected":false},"author":3,"featured_media":0,"parent":0,"menu_order":0,"comment_status":"closed","ping_status":"closed","template":"","meta":{"footnotes":""},"class_list":["post-426","page","type-page","status-publish","hentry"],"_links":{"self":[{"href":"https:\/\/carliplywood.ind.br\/it\/wp-json\/wp\/v2\/pages\/426","targetHints":{"allow":["GET"]}}],"collection":[{"href":"https:\/\/carliplywood.ind.br\/it\/wp-json\/wp\/v2\/pages"}],"about":[{"href":"https:\/\/carliplywood.ind.br\/it\/wp-json\/wp\/v2\/types\/page"}],"author":[{"embeddable":true,"href":"https:\/\/carliplywood.ind.br\/it\/wp-json\/wp\/v2\/users\/3"}],"replies":[{"embeddable":true,"href":"https:\/\/carliplywood.ind.br\/it\/wp-json\/wp\/v2\/comments?post=426"}],"version-history":[{"count":31,"href":"https:\/\/carliplywood.ind.br\/it\/wp-json\/wp\/v2\/pages\/426\/revisions"}],"predecessor-version":[{"id":1034,"href":"https:\/\/carliplywood.ind.br\/it\/wp-json\/wp\/v2\/pages\/426\/revisions\/1034"}],"wp:attachment":[{"href":"https:\/\/carliplywood.ind.br\/it\/wp-json\/wp\/v2\/media?parent=426"}],"curies":[{"name":"wp","href":"https:\/\/api.w.org\/{rel}","templated":true}]}}