{"id":54,"date":"2020-12-14T09:07:38","date_gmt":"2020-12-14T12:07:38","guid":{"rendered":"http:\/\/carliplac.com.br\/?page_id=54"},"modified":"2025-08-27T10:40:12","modified_gmt":"2025-08-27T13:40:12","slug":"certificados","status":"publish","type":"page","link":"https:\/\/carliplywood.ind.br\/it\/certificados\/","title":{"rendered":"Certificados"},"content":{"rendered":"<div data-elementor-type=\"wp-page\" data-elementor-id=\"54\" class=\"elementor elementor-54\" data-elementor-post-type=\"page\">\n\t\t\t\t\t\t<section class=\"elementor-section elementor-top-section elementor-element elementor-element-f470410 elementor-section-boxed elementor-section-height-default elementor-section-height-default\" data-id=\"f470410\" data-element_type=\"section\">\n\t\t\t\t\t\t<div class=\"elementor-container elementor-column-gap-default\">\n\t\t\t\t\t<div class=\"elementor-column elementor-col-100 elementor-top-column elementor-element elementor-element-5fe4a76\" data-id=\"5fe4a76\" data-element_type=\"column\">\n\t\t\t<div class=\"elementor-widget-wrap elementor-element-populated\">\n\t\t\t\t\t\t<div class=\"elementor-element elementor-element-bfc23d6 elementor-widget elementor-widget-heading\" data-id=\"bfc23d6\" data-element_type=\"widget\" data-widget_type=\"heading.default\">\n\t\t\t\t<div class=\"elementor-widget-container\">\n\t\t\t\t\t<h2 class=\"elementor-heading-title elementor-size-default\">CERTIFICAZIONI<\/h2>\t\t\t\t<\/div>\n\t\t\t\t<\/div>\n\t\t\t\t\t<\/div>\n\t\t<\/div>\n\t\t\t\t\t<\/div>\n\t\t<\/section>\n\t\t\t\t<section class=\"elementor-section elementor-top-section elementor-element elementor-element-4e4af0d elementor-section-boxed elementor-section-height-default elementor-section-height-default\" data-id=\"4e4af0d\" data-element_type=\"section\">\n\t\t\t\t\t\t<div class=\"elementor-container elementor-column-gap-default\">\n\t\t\t\t\t<div class=\"elementor-column elementor-col-100 elementor-top-column elementor-element elementor-element-dc93f05\" data-id=\"dc93f05\" data-element_type=\"column\">\n\t\t\t<div class=\"elementor-widget-wrap elementor-element-populated\">\n\t\t\t\t\t\t<div class=\"elementor-element elementor-element-155253e elementor-widget elementor-widget-heading\" data-id=\"155253e\" data-element_type=\"widget\" data-widget_type=\"heading.default\">\n\t\t\t\t<div class=\"elementor-widget-container\">\n\t\t\t\t\t<h2 class=\"elementor-heading-title elementor-size-default\">FSC\u00ae \u2013 Forest Stewardship Council\u00ae<\/h2>\t\t\t\t<\/div>\n\t\t\t\t<\/div>\n\t\t\t\t<div class=\"elementor-element elementor-element-dc5f5a5 elementor-widget elementor-widget-text-editor\" data-id=\"dc5f5a5\" data-element_type=\"widget\" data-widget_type=\"text-editor.default\">\n\t\t\t\t<div class=\"elementor-widget-container\">\n\t\t\t\t\t\t\t\t\t<p>Siamo certificati FSC\u00ae \u2013 Forest Stewardship Council\u00ae. Questa certificazione internazionale ci consente di stampare il logo FSC\u00ae sui vostri prodotti certificati FSC\u00ae, garantendo che siano prodotti con<br \/>legno proveniente da foreste gestite secondo rigorosi criteri sociali, ambientali ed economici e da altre fonti controllate.<br \/>L'obiettivo \u00e8 l'uso responsabile delle risorse forestali e di legno da altre fonti controllate, soddisfacendo i criteri definiti da FSC\u00ae. La societ\u00e0 ha una politica di acquisizione di legno e altre procedure per controllare le fonti di legno, escludendo quelle dalle attivit\u00e0 forestali sociali e ecologiche.<\/p>\t\t\t\t\t\t\t\t<\/div>\n\t\t\t\t<\/div>\n\t\t\t\t<div class=\"elementor-element elementor-element-330814e elementor-align-left elementor-widget elementor-widget-button\" data-id=\"330814e\" data-element_type=\"widget\" data-widget_type=\"button.default\">\n\t\t\t\t<div class=\"elementor-widget-container\">\n\t\t\t\t\t\t\t\t\t<div class=\"elementor-button-wrapper\">\n\t\t\t\t\t<a class=\"elementor-button elementor-button-link elementor-size-sm\" href=\"https:\/\/carliplywood.ind.br\/wp-content\/uploads\/2025\/06\/COC-151177-L.F.R.-Carli-Cia.docx.pdf\" target=\"_blank\">\n\t\t\t\t\t\t<span class=\"elementor-button-content-wrapper\">\n\t\t\t\t\t\t\t\t\t<span class=\"elementor-button-text\">Certificato FSC<\/span>\n\t\t\t\t\t<\/span>\n\t\t\t\t\t<\/a>\n\t\t\t\t<\/div>\n\t\t\t\t\t\t\t\t<\/div>\n\t\t\t\t<\/div>\n\t\t\t\t<div class=\"elementor-element elementor-element-4115199 elementor-widget elementor-widget-heading\" data-id=\"4115199\" data-element_type=\"widget\" data-widget_type=\"heading.default\">\n\t\t\t\t<div class=\"elementor-widget-container\">\n\t\t\t\t\t<h2 class=\"elementor-heading-title elementor-size-default\">CE2+ NORMA EUROPEA 13986<\/h2>\t\t\t\t<\/div>\n\t\t\t\t<\/div>\n\t\t\t\t<div class=\"elementor-element elementor-element-e09f631 elementor-widget elementor-widget-text-editor\" data-id=\"e09f631\" data-element_type=\"widget\" data-widget_type=\"text-editor.default\">\n\t\t\t\t<div class=\"elementor-widget-container\">\n\t\t\t\t\t\t\t\t\t<p>I pannelli con questo marchio attestano la conformit\u00e0 europea \u2013 CE. Secondo la Norma Europea 13986:2004+A1:2015, i prodotti con questa certificazione possono essere utilizzati in edilizia come elementi strutturali nella maggior parte dei paesi europei. Le principali garanzie sono le prestazioni strutturali, la durata dell'incollaggio, le basse emissioni di formaldeide, le rigorose tolleranze dimensionali e la durabilit\u00e0 del legno stesso.<\/p>\t\t\t\t\t\t\t\t<\/div>\n\t\t\t\t<\/div>\n\t\t\t\t<div class=\"elementor-element elementor-element-073f080 elementor-align-left elementor-widget elementor-widget-button\" data-id=\"073f080\" data-element_type=\"widget\" data-widget_type=\"button.default\">\n\t\t\t\t<div class=\"elementor-widget-container\">\n\t\t\t\t\t\t\t\t\t<div class=\"elementor-button-wrapper\">\n\t\t\t\t\t<a class=\"elementor-button elementor-button-link elementor-size-sm\" href=\"https:\/\/carliplywood.ind.br\/wp-content\/uploads\/2025\/06\/CR-311003006-2-2024.pdf\" target=\"_blank\">\n\t\t\t\t\t\t<span class=\"elementor-button-content-wrapper\">\n\t\t\t\t\t\t\t\t\t<span class=\"elementor-button-text\">Certificado CE2+<\/span>\n\t\t\t\t\t<\/span>\n\t\t\t\t\t<\/a>\n\t\t\t\t<\/div>\n\t\t\t\t\t\t\t\t<\/div>\n\t\t\t\t<\/div>\n\t\t\t\t<div class=\"elementor-element elementor-element-830f926 elementor-widget elementor-widget-heading\" data-id=\"830f926\" data-element_type=\"widget\" data-widget_type=\"heading.default\">\n\t\t\t\t<div class=\"elementor-widget-container\">\n\t\t\t\t\t<h2 class=\"elementor-heading-title elementor-size-default\">Certificato di basse emissioni di formaldeide (CARB, EPA, Canada)<\/h2>\t\t\t\t<\/div>\n\t\t\t\t<\/div>\n\t\t\t\t<div class=\"elementor-element elementor-element-56b102e elementor-widget elementor-widget-text-editor\" data-id=\"56b102e\" data-element_type=\"widget\" data-widget_type=\"text-editor.default\">\n\t\t\t\t<div class=\"elementor-widget-container\">\n\t\t\t\t\t\t\t\t\t<p data-start=\"190\" data-end=\"471\">I pannelli prodotti da Carli Plac possiedono il certificato internazionale di conformit\u00e0 ambientale rilasciato da PFS TECO, rispettando i rigorosi standard di emissione di formaldeide previsti dalla normativa. <strong data-start=\"383\" data-end=\"399\">CARB Phase 2<\/strong> (Calif\u00f3rnia, EUA), <strong data-start=\"419\" data-end=\"436\">TSCA Title VI<\/strong> (EUA) e <strong data-start=\"445\" data-end=\"461\">SOR\/2021-148<\/strong> (Canad\u00e1).<\/p><p data-start=\"473\" data-end=\"796\">I nostri prodotti sono classificati come <strong data-start=\"512\" data-end=\"527\">ULEF Exempt<\/strong> (\u201cFormaldeide a bassissima emissione\u201d), a dimostrazione dell\u2019utilizzo di resine con <strong data-start=\"598\" data-end=\"636\">bassissima emissione di formaldeide<\/strong>Ci\u00f2 garantisce che i nostri pannelli siano sicuri per l'ambiente, essendo esenti da test e certificazioni periodiche grazie alle loro eccellenti prestazioni ambientali.<\/p>\t\t\t\t\t\t\t\t<\/div>\n\t\t\t\t<\/div>\n\t\t\t\t<div class=\"elementor-element elementor-element-7e40e65 elementor-align-left elementor-widget elementor-widget-button\" data-id=\"7e40e65\" data-element_type=\"widget\" data-widget_type=\"button.default\">\n\t\t\t\t<div class=\"elementor-widget-container\">\n\t\t\t\t\t\t\t\t\t<div class=\"elementor-button-wrapper\">\n\t\t\t\t\t<a class=\"elementor-button elementor-button-link elementor-size-sm\" href=\"https:\/\/carliplywood.ind.br\/wp-content\/uploads\/2025\/06\/CARB_Cert_3-559.pdf\" target=\"_blank\">\n\t\t\t\t\t\t<span class=\"elementor-button-content-wrapper\">\n\t\t\t\t\t\t\t\t\t<span class=\"elementor-button-text\">Carb Regulation<\/span>\n\t\t\t\t\t<\/span>\n\t\t\t\t\t<\/a>\n\t\t\t\t<\/div>\n\t\t\t\t\t\t\t\t<\/div>\n\t\t\t\t<\/div>\n\t\t\t\t<div class=\"elementor-element elementor-element-a378e45 elementor-widget elementor-widget-heading\" data-id=\"a378e45\" data-element_type=\"widget\" data-widget_type=\"heading.default\">\n\t\t\t\t<div class=\"elementor-widget-container\">\n\t\t\t\t\t<h2 class=\"elementor-heading-title elementor-size-default\">CATAS - It\u00e1lia<\/h2>\t\t\t\t<\/div>\n\t\t\t\t<\/div>\n\t\t\t\t<div class=\"elementor-element elementor-element-1321a9a elementor-widget elementor-widget-text-editor\" data-id=\"1321a9a\" data-element_type=\"widget\" data-widget_type=\"text-editor.default\">\n\t\t\t\t<div class=\"elementor-widget-container\">\n\t\t\t\t\t\t\t\t\t<p data-start=\"190\" data-end=\"471\">Nossos pain\u00e9is de compensado Pino Elliottis possuem certifica\u00e7\u00e3o de desempenho emitida pelo renomado laborat\u00f3rio europeu <strong data-start=\"827\" data-end=\"845\">CATAS (It\u00e1lia)<\/strong>.<br data-start=\"846\" data-end=\"849\" \/>Foram aprovados em ensaios de <strong data-start=\"879\" data-end=\"905\">emiss\u00e3o de formalde\u00eddo<\/strong> e <strong data-start=\"908\" data-end=\"934\">resist\u00eancia de colagem<\/strong>, atendendo \u00e0s normas <strong data-start=\"956\" data-end=\"979\">EN ISO 12460-3:2023<\/strong> e <strong data-start=\"982\" data-end=\"999\">EN 314-1:2004<\/strong>.<br data-start=\"1000\" data-end=\"1003\" \/>Isso significa mais <strong data-start=\"1023\" data-end=\"1069\">seguran\u00e7a, durabilidade e sustentabilidade<\/strong> para cada projeto realizado com os produtos <strong data-start=\"1114\" data-end=\"1127\">Carliplac<\/strong>.<\/p>\t\t\t\t\t\t\t\t<\/div>\n\t\t\t\t<\/div>\n\t\t\t\t<div class=\"elementor-element elementor-element-3faec5a elementor-align-left elementor-widget elementor-widget-button\" data-id=\"3faec5a\" data-element_type=\"widget\" data-widget_type=\"button.default\">\n\t\t\t\t<div class=\"elementor-widget-container\">\n\t\t\t\t\t\t\t\t\t<div class=\"elementor-button-wrapper\">\n\t\t\t\t\t<a class=\"elementor-button elementor-button-link elementor-size-sm\" href=\"https:\/\/carliplywood.ind.br\/wp-content\/uploads\/2025\/08\/certificado-carliplac-italia.pdf\" target=\"_blank\">\n\t\t\t\t\t\t<span class=\"elementor-button-content-wrapper\">\n\t\t\t\t\t\t\t\t\t<span class=\"elementor-button-text\">Catas Certificate<\/span>\n\t\t\t\t\t<\/span>\n\t\t\t\t\t<\/a>\n\t\t\t\t<\/div>\n\t\t\t\t\t\t\t\t<\/div>\n\t\t\t\t<\/div>\n\t\t\t\t\t<\/div>\n\t\t<\/div>\n\t\t\t\t\t<\/div>\n\t\t<\/section>\n\t\t\t\t<section class=\"elementor-section elementor-top-section elementor-element elementor-element-2a84064 elementor-section-boxed elementor-section-height-default elementor-section-height-default\" data-id=\"2a84064\" data-element_type=\"section\">\n\t\t\t\t\t\t<div class=\"elementor-container elementor-column-gap-default\">\n\t\t\t\t\t<div class=\"elementor-column elementor-col-100 elementor-top-column elementor-element elementor-element-a2c88cf\" data-id=\"a2c88cf\" data-element_type=\"column\">\n\t\t\t<div class=\"elementor-widget-wrap elementor-element-populated\">\n\t\t\t\t\t\t<div class=\"elementor-element elementor-element-df666fb elementor-widget elementor-widget-text-editor\" data-id=\"df666fb\" data-element_type=\"widget\" data-widget_type=\"text-editor.default\">\n\t\t\t\t<div class=\"elementor-widget-container\">\n\t\t\t\t\t\t\t\t\t<p>Le nostre certificazioni rafforzano l'impegno di Carli Plac nei confronti della sostenibilit\u00e0, della salute e della sicurezza in tutti i suoi processi produttivi, garantendo fiducia e tranquillit\u00e0 ai nostri clienti e partner in tutto il mondo.<\/p>\t\t\t\t\t\t\t\t<\/div>\n\t\t\t\t<\/div>\n\t\t\t\t\t<\/div>\n\t\t<\/div>\n\t\t\t\t\t<\/div>\n\t\t<\/section>\n\t\t\t\t<\/div>","protected":false},"excerpt":{"rendered":"<p>CERTIFICA\u00c7\u00d5ES FSC\u00ae \u2013 Forest Stewardship Council\u00ae Contamos com a certifica\u00e7\u00e3o FSC\u00ae \u2013 Forest Stewardship Council\u00ae (Conselho de Manejo Florestal). Esta certifica\u00e7\u00e3o internacional permite estampar em seus produtos ertificados FSC\u00ae a logo FSC\u00ae, que garante que os mesmos s\u00e3o produzidos commadeira de florestas manejadas seguindo rigorosos crit\u00e9rios sociais, ambientais e econ\u00f4micos, e de outras fontes controladas.O [&hellip;]<\/p>\n","protected":false},"author":1,"featured_media":0,"parent":0,"menu_order":0,"comment_status":"closed","ping_status":"closed","template":"","meta":{"footnotes":""},"class_list":["post-54","page","type-page","status-publish","hentry"],"_links":{"self":[{"href":"https:\/\/carliplywood.ind.br\/it\/wp-json\/wp\/v2\/pages\/54","targetHints":{"allow":["GET"]}}],"collection":[{"href":"https:\/\/carliplywood.ind.br\/it\/wp-json\/wp\/v2\/pages"}],"about":[{"href":"https:\/\/carliplywood.ind.br\/it\/wp-json\/wp\/v2\/types\/page"}],"author":[{"embeddable":true,"href":"https:\/\/carliplywood.ind.br\/it\/wp-json\/wp\/v2\/users\/1"}],"replies":[{"embeddable":true,"href":"https:\/\/carliplywood.ind.br\/it\/wp-json\/wp\/v2\/comments?post=54"}],"version-history":[{"count":28,"href":"https:\/\/carliplywood.ind.br\/it\/wp-json\/wp\/v2\/pages\/54\/revisions"}],"predecessor-version":[{"id":1188,"href":"https:\/\/carliplywood.ind.br\/it\/wp-json\/wp\/v2\/pages\/54\/revisions\/1188"}],"wp:attachment":[{"href":"https:\/\/carliplywood.ind.br\/it\/wp-json\/wp\/v2\/media?parent=54"}],"curies":[{"name":"wp","href":"https:\/\/api.w.org\/{rel}","templated":true}]}}