{"id":704,"date":"2025-06-02T22:36:46","date_gmt":"2025-06-03T01:36:46","guid":{"rendered":"https:\/\/carliplac.com.br\/?post_type=product&#038;p=704"},"modified":"2025-06-16T14:44:50","modified_gmt":"2025-06-16T17:44:50","slug":"mdo-combi-18mm-7-plies","status":"publish","type":"product","link":"https:\/\/carliplywood.ind.br\/it\/prodotto\/mdo-combi-18mm-7-plies\/","title":{"rendered":"MDO COMBI 18MM 7 STRATI"},"content":{"rendered":"<h4>Resistenza superiore, finitura impeccabile.<\/h4>\n<p>Realizzato con 7 strati, offre elevate prestazioni strutturali e un'eccellente qualit\u00e0 superficiale per casseforme in calcestruzzo a vista. Con un nucleo rinforzato e un rivestimento resistente all'umidit\u00e0, \u00e8 la scelta ideale per progetti che richiedono durata, precisione e finitura professionale.<\/p>\n<p><strong>Scheda tecnica<\/strong>: <a href=\"https:\/\/carliplywood.ind.br\/wp-content\/uploads\/2025\/06\/MDO-Combi-Padra\u0303o-1.pdf\" target=\"_blank\" rel=\"noopener\"><em>Scarica qui.<\/em><\/a><br \/>\n<strong>Catalogare:<\/strong> <a href=\"https:\/\/carliplywood.ind.br\/wp-content\/uploads\/2025\/06\/Cata\u0301logo-Carli-Plac-Ultra-MDO-Concrete-Form.pdf\">Scarica qui<\/a><\/p>","protected":false},"excerpt":{"rendered":"<p>Resist\u00eancia superior, acabamento impec\u00e1vel. Fabricado com 7 camadas, oferece alta performance estrutural e excelente qualidade de face para formas de concreto aparente. Com n\u00facleo refor\u00e7ado e revestimento resistente \u00e0 umidade, \u00e9 a escolha ideal para projetos que exigem durabilidade, precis\u00e3o e acabamento profissional. Ficha t\u00e9cnica: Baixe Aqui. Cat\u00e1logo: Baixe Aqui<\/p>","protected":false},"featured_media":638,"template":"","meta":[],"product_brand":[],"product_cat":[39],"product_tag":[],"class_list":{"0":"post-704","1":"product","2":"type-product","3":"status-publish","4":"has-post-thumbnail","6":"product_cat-sem-categoria","8":"first","9":"instock","10":"shipping-taxable","11":"product-type-simple"},"_links":{"self":[{"href":"https:\/\/carliplywood.ind.br\/it\/wp-json\/wp\/v2\/product\/704","targetHints":{"allow":["GET"]}}],"collection":[{"href":"https:\/\/carliplywood.ind.br\/it\/wp-json\/wp\/v2\/product"}],"about":[{"href":"https:\/\/carliplywood.ind.br\/it\/wp-json\/wp\/v2\/types\/product"}],"wp:featuredmedia":[{"embeddable":true,"href":"https:\/\/carliplywood.ind.br\/it\/wp-json\/wp\/v2\/media\/638"}],"wp:attachment":[{"href":"https:\/\/carliplywood.ind.br\/it\/wp-json\/wp\/v2\/media?parent=704"}],"wp:term":[{"taxonomy":"product_brand","embeddable":true,"href":"https:\/\/carliplywood.ind.br\/it\/wp-json\/wp\/v2\/product_brand?post=704"},{"taxonomy":"product_cat","embeddable":true,"href":"https:\/\/carliplywood.ind.br\/it\/wp-json\/wp\/v2\/product_cat?post=704"},{"taxonomy":"product_tag","embeddable":true,"href":"https:\/\/carliplywood.ind.br\/it\/wp-json\/wp\/v2\/product_tag?post=704"}],"curies":[{"name":"wp","href":"https:\/\/api.w.org\/{rel}","templated":true}]}}