{"id":805,"date":"2025-06-03T11:25:07","date_gmt":"2025-06-03T14:25:07","guid":{"rendered":"https:\/\/carliplac.com.br\/?post_type=product&#038;p=805"},"modified":"2025-06-16T14:52:54","modified_gmt":"2025-06-16T17:52:54","slug":"bc-100-pinus","status":"publish","type":"product","link":"https:\/\/carliplywood.ind.br\/it\/prodotto\/bc-100-pinus\/","title":{"rendered":"BC 100% Pinus"},"content":{"rendered":"<p><strong>Stabilit\u00e0, praticit\u00e0 e ottimo rapporto qualit\u00e0-prezzo.<\/strong><br data-start=\"133\" data-end=\"136\" \/>Composto por l\u00e2minas selecionadas de pinus, o painel BC 100% Pinus oferece resist\u00eancia estrutural e versatilidade para diversas aplica\u00e7\u00f5es. Sua face B proporciona uma boa apar\u00eancia para projetos onde o acabamento \u00e9 importante, enquanto a face C garante economia e praticidade em usos onde a est\u00e9tica \u00e9 secund\u00e1ria. F\u00e1cil de trabalhar, \u00e9 indicado para embalagens, estruturas internas, m\u00f3veis e usos industriais, combinando leveza, sustentabilidade e desempenho consistente.<\/p>","protected":false},"excerpt":{"rendered":"<p>Estabilidade, praticidade e excelente custo-benef\u00edcio.Composto por l\u00e2minas selecionadas de pinus, o painel BC 100% Pinus oferece resist\u00eancia estrutural e versatilidade para diversas aplica\u00e7\u00f5es. Sua face B proporciona uma boa apar\u00eancia para projetos onde o acabamento \u00e9 importante, enquanto a face C garante economia e praticidade em usos onde a est\u00e9tica \u00e9 secund\u00e1ria. F\u00e1cil de trabalhar, [&hellip;]<\/p>\n","protected":false},"featured_media":598,"template":"","meta":[],"product_brand":[],"product_cat":[39],"product_tag":[],"class_list":{"0":"post-805","1":"product","2":"type-product","3":"status-publish","4":"has-post-thumbnail","6":"product_cat-sem-categoria","8":"first","9":"instock","10":"shipping-taxable","11":"product-type-simple"},"_links":{"self":[{"href":"https:\/\/carliplywood.ind.br\/it\/wp-json\/wp\/v2\/product\/805","targetHints":{"allow":["GET"]}}],"collection":[{"href":"https:\/\/carliplywood.ind.br\/it\/wp-json\/wp\/v2\/product"}],"about":[{"href":"https:\/\/carliplywood.ind.br\/it\/wp-json\/wp\/v2\/types\/product"}],"wp:featuredmedia":[{"embeddable":true,"href":"https:\/\/carliplywood.ind.br\/it\/wp-json\/wp\/v2\/media\/598"}],"wp:attachment":[{"href":"https:\/\/carliplywood.ind.br\/it\/wp-json\/wp\/v2\/media?parent=805"}],"wp:term":[{"taxonomy":"product_brand","embeddable":true,"href":"https:\/\/carliplywood.ind.br\/it\/wp-json\/wp\/v2\/product_brand?post=805"},{"taxonomy":"product_cat","embeddable":true,"href":"https:\/\/carliplywood.ind.br\/it\/wp-json\/wp\/v2\/product_cat?post=805"},{"taxonomy":"product_tag","embeddable":true,"href":"https:\/\/carliplywood.ind.br\/it\/wp-json\/wp\/v2\/product_tag?post=805"}],"curies":[{"name":"wp","href":"https:\/\/api.w.org\/{rel}","templated":true}]}}